{"id":112,"date":"2025-06-22T19:02:33","date_gmt":"2025-06-22T17:02:33","guid":{"rendered":"http:\/\/www.david-moitet.fr\/?page_id=112"},"modified":"2025-06-23T18:17:55","modified_gmt":"2025-06-23T16:17:55","slug":"les-mots-fantomes","status":"publish","type":"page","link":"https:\/\/www.david-moitet.fr\/?page_id=112","title":{"rendered":"Les Mots Fant\u00f4mes"},"content":{"rendered":"\n<main class=\"wp-block-group is-layout-flow wp-container-core-group-is-layout-7fca4a22 wp-block-group-is-layout-flow\" style=\"margin-top:0rem;padding-top:0;padding-right:0;padding-bottom:0;padding-left:0\">\n<div class=\"wp-block-group is-nowrap is-layout-flex wp-container-core-group-is-layout-6c531013 wp-block-group-is-layout-flex\">\n<figure class=\"wp-block-image size-full is-resized\"><img loading=\"lazy\" decoding=\"async\" width=\"494\" height=\"727\" src=\"https:\/\/www.david-moitet.fr\/wp-content\/uploads\/2025\/06\/couv-mots-fantomes-22-16.jpg\" alt=\"\" class=\"wp-image-28\" style=\"width:328px;height:auto\" srcset=\"https:\/\/www.david-moitet.fr\/wp-content\/uploads\/2025\/06\/couv-mots-fantomes-22-16.jpg 494w, https:\/\/www.david-moitet.fr\/wp-content\/uploads\/2025\/06\/couv-mots-fantomes-22-16-204x300.jpg 204w\" sizes=\"auto, (max-width: 494px) 100vw, 494px\" \/><\/figure>\n\n\n\n<div class=\"wp-block-group has-global-padding is-layout-constrained wp-block-group-is-layout-constrained\">\n<h4 class=\"wp-block-heading has-primary-color has-text-color has-link-color wp-elements-dab1b5140f8e84b4c1f512ab91f689d4\">2021 &#8211; A partir de 12 ans<\/h4>\n\n\n\n<p>Eliott est en maison de repos, sa m\u00e8re vient de mourir.\u00a0Cependant, il est clair pour lui que cette mort est suspecte, et qu\u2019il ne s\u2019agit pas du suicide qu\u2019on veut lui faire croire.\u00a0Lilas, une pensionnaire du centre, a un choc en voyant une photo de la m\u00e8re d\u2019Elliot : c\u2019est une des apparitions qui la hante tous les jours. Elle comprend qu\u2019elle a le don de voir les morts, ce que sa famille s\u2019\u00e9vertue \u00e0 lui cacher depuis des ann\u00e9es.<br><br>Les deux adolescents se lancent dans une double enqu\u00eate, \u00e0 la recherche de la v\u00e9rit\u00e9, au p\u00e9ril de leur vie\u2026<\/p>\n\n\n\n<blockquote class=\"wp-block-quote is-layout-flow wp-block-quote-is-layout-flow\">\n<p class=\"has-mono-2-color has-text-color has-link-color wp-elements-4804a53d89f454ba3d2eae14716ac376\"><strong><strong><strong><strong><strong>Prix litt\u00e9raire des coll\u00e9giens de Tr\u00e9laz\u00e9 2022<br>Prix litt\u00e9raire des coll\u00e9giens et Lyc\u00e9ens de Charente 2023<br>Prix Imaginales des coll\u00e9giens 2023<br>Prix Toutenauteurs 2023 (Hautes Pyr\u00e9n\u00e9es)<br>Prix Margot 2023 (festival Un aller retour dans le noir, Pau)<br>Prix litt\u00e9raire ado de la ville de Vertou (44)<\/strong><\/strong><\/strong><\/strong><\/strong><\/p>\n<\/blockquote>\n<\/div>\n<\/div>\n\n\n\n<div class=\"wp-block-group alignfull has-global-padding is-layout-constrained wp-container-core-group-is-layout-9b4607c3 wp-block-group-is-layout-constrained\" style=\"margin-top:0;margin-bottom:0;padding-top:var(--wp--preset--spacing--superbspacing-small);padding-right:var(--wp--preset--spacing--superbspacing-small);padding-bottom:var(--wp--preset--spacing--superbspacing-small);padding-left:var(--wp--preset--spacing--superbspacing-small)\">\n<div class=\"wp-block-columns is-layout-flex wp-container-core-columns-is-layout-28f84493 wp-block-columns-is-layout-flex\">\n<div class=\"wp-block-column is-layout-flow wp-block-column-is-layout-flow\" style=\"flex-basis:100%\">\n<main class=\"wp-block-group blog-feed-one has-global-padding is-layout-constrained wp-container-core-group-is-layout-8921a5c1 wp-block-group-is-layout-constrained\" style=\"margin-bottom:var(--wp--preset--spacing--superbspacing-small);padding-top:0;padding-right:0;padding-bottom:0;padding-left:0\">\n<div class=\"wp-block-query alignwide has-global-padding is-layout-constrained wp-container-core-query-is-layout-db9edeb8 wp-block-query-is-layout-constrained\"><ul class=\"alignwide wp-block-post-template is-layout-flow wp-container-core-post-template-is-layout-56df9aa4 wp-block-post-template-is-layout-flow\"><li class=\"wp-block-post post-1 post type-post status-publish format-standard hentry category-non-classe\">\n\n<div class=\"wp-block-group alignwide is-horizontal is-content-justification-left is-nowrap is-layout-flex wp-container-core-group-is-layout-5a79d77c wp-block-group-is-layout-flex\" style=\"border-bottom-style:none;border-bottom-width:0px;margin-bottom:0;padding-top:0;padding-bottom:0\">\n<div class=\"wp-block-group has-contrast-dark-color has-text-color has-link-color wp-elements-4f4c47bc190a08d58280e6f544ffd274 is-layout-flow wp-block-group-is-layout-flow\"><\/div>\n<\/div>\n\n<\/li><\/ul><\/div>\n<\/main>\n<\/div>\n<\/div>\n<\/div>\n<\/main>\n","protected":false},"excerpt":{"rendered":"<p>2021 &#8211; A partir de 12 ans Eliott est en maison de repos, sa m\u00e8re vient de mourir.\u00a0Cependant, il est clair pour lui que cette mort est suspecte, et qu\u2019il ne s\u2019agit pas du suicide qu\u2019on veut lui faire croire.\u00a0Lilas, une pensionnaire du centre, a un choc en voyant une photo de la m\u00e8re d\u2019Elliot [&hellip;]<\/p>\n","protected":false},"author":1,"featured_media":0,"parent":0,"menu_order":0,"comment_status":"closed","ping_status":"closed","template":"","meta":{"footnotes":""},"class_list":["post-112","page","type-page","status-publish","hentry"],"_links":{"self":[{"href":"https:\/\/www.david-moitet.fr\/index.php?rest_route=\/wp\/v2\/pages\/112","targetHints":{"allow":["GET"]}}],"collection":[{"href":"https:\/\/www.david-moitet.fr\/index.php?rest_route=\/wp\/v2\/pages"}],"about":[{"href":"https:\/\/www.david-moitet.fr\/index.php?rest_route=\/wp\/v2\/types\/page"}],"author":[{"embeddable":true,"href":"https:\/\/www.david-moitet.fr\/index.php?rest_route=\/wp\/v2\/users\/1"}],"replies":[{"embeddable":true,"href":"https:\/\/www.david-moitet.fr\/index.php?rest_route=%2Fwp%2Fv2%2Fcomments&post=112"}],"version-history":[{"count":5,"href":"https:\/\/www.david-moitet.fr\/index.php?rest_route=\/wp\/v2\/pages\/112\/revisions"}],"predecessor-version":[{"id":173,"href":"https:\/\/www.david-moitet.fr\/index.php?rest_route=\/wp\/v2\/pages\/112\/revisions\/173"}],"wp:attachment":[{"href":"https:\/\/www.david-moitet.fr\/index.php?rest_route=%2Fwp%2Fv2%2Fmedia&parent=112"}],"curies":[{"name":"wp","href":"https:\/\/api.w.org\/{rel}","templated":true}]}}