{"id":192,"date":"2025-06-24T09:18:00","date_gmt":"2025-06-24T07:18:00","guid":{"rendered":"https:\/\/www.david-moitet.fr\/?page_id=192"},"modified":"2025-06-24T11:35:08","modified_gmt":"2025-06-24T09:35:08","slug":"apoptose-suicide-cellulaire","status":"publish","type":"page","link":"https:\/\/www.david-moitet.fr\/?page_id=192","title":{"rendered":"Apoptose \/ Suicide cellulaire"},"content":{"rendered":"\n<div class=\"wp-block-group alignfull has-global-padding is-layout-constrained wp-container-core-group-is-layout-9b4607c3 wp-block-group-is-layout-constrained\" style=\"margin-top:0;margin-bottom:0;padding-top:var(--wp--preset--spacing--superbspacing-small);padding-right:var(--wp--preset--spacing--superbspacing-small);padding-bottom:var(--wp--preset--spacing--superbspacing-small);padding-left:var(--wp--preset--spacing--superbspacing-small)\">\n<div class=\"wp-block-columns is-layout-flex wp-container-core-columns-is-layout-28f84493 wp-block-columns-is-layout-flex\">\n<div class=\"wp-block-column is-layout-flow wp-block-column-is-layout-flow\" style=\"flex-basis:100%\">\n<main class=\"wp-block-group blog-feed-one has-global-padding is-layout-constrained wp-container-core-group-is-layout-8921a5c1 wp-block-group-is-layout-constrained\" style=\"margin-bottom:var(--wp--preset--spacing--superbspacing-small);padding-top:0;padding-right:0;padding-bottom:0;padding-left:0\">\n<div class=\"wp-block-query alignwide has-global-padding is-layout-constrained wp-container-core-query-is-layout-db9edeb8 wp-block-query-is-layout-constrained\"><ul class=\"alignwide wp-block-post-template is-layout-flow wp-container-core-post-template-is-layout-56df9aa4 wp-block-post-template-is-layout-flow\"><li class=\"wp-block-post post-1 post type-post status-publish format-standard hentry category-non-classe\">\n\n<div class=\"wp-block-group alignwide is-horizontal is-content-justification-left is-nowrap is-layout-flex wp-container-core-group-is-layout-5a79d77c wp-block-group-is-layout-flex\" style=\"border-bottom-style:none;border-bottom-width:0px;margin-bottom:0;padding-top:0;padding-bottom:0\">\n<figure class=\"wp-block-image size-full is-resized\"><img loading=\"lazy\" decoding=\"async\" width=\"305\" height=\"500\" src=\"https:\/\/www.david-moitet.fr\/wp-content\/uploads\/2025\/06\/suicide-cellulaire.jpg\" alt=\"\" class=\"wp-image-32\" style=\"aspect-ratio:0.6666666666666666;object-fit:cover;width:398px;height:auto\" srcset=\"https:\/\/www.david-moitet.fr\/wp-content\/uploads\/2025\/06\/suicide-cellulaire.jpg 305w, https:\/\/www.david-moitet.fr\/wp-content\/uploads\/2025\/06\/suicide-cellulaire-183x300.jpg 183w\" sizes=\"auto, (max-width: 305px) 100vw, 305px\" \/><\/figure>\n\n\n\n<div class=\"wp-block-group has-contrast-dark-color has-text-color has-link-color wp-elements-a3b7553be3147aacbb91b6847cf3f4bc is-layout-flow wp-block-group-is-layout-flow\">\n<h4 class=\"wp-block-heading has-primary-color has-text-color has-link-color wp-elements-b05a2ec458e2380f253f68b15f37cb3b\">2010 (Existe en poche)<\/h4>\n\n\n\n<p>\u00ab\u00a0Sachez qu\u2019ici tout est assez simple et qu\u2019il y a des choses qui ne changent pas : le paysage est splendide, la nature impr\u00e9visible, le village tranquille\u2026 Le job, c\u2019est de vous assurer que tout reste ainsi\u2026\u00a0\u00bb <\/p>\n\n\n\n<p>En prenant ses fonctions de chef de la police rurale de Saint Lary Soulan, Thomas Galion \u00e9tait loin d\u2019imaginer que sa retraite forc\u00e9e serait de courte dur\u00e9e\u2026 Mais comment ignorer la plainte muette d\u2019un cadavre atrocement mutil\u00e9 ?<\/p>\n\n\n\n<p>Peu \u00e0 peu, les sommets ac\u00e9r\u00e9s des Pyr\u00e9n\u00e9es livrent leurs secrets, et une peur vieille de 25 ans se r\u00e9pand \u00e0 nouveau dans la vall\u00e9e\u2026<br><br><\/p>\n\n\n\n<blockquote class=\"wp-block-quote is-layout-flow wp-block-quote-is-layout-flow\">\n<p class=\"has-mono-2-color has-text-color has-link-color wp-elements-98e077da9a34bb0e2e22f46a7b067ae7\"><strong><strong>Coup de coeur du jury prix VSD du polar 2010<\/strong><\/strong><\/p>\n<\/blockquote>\n<\/div>\n<\/div>\n\n\n\n<h3 class=\"wp-block-heading\"><a href=\"https:\/\/www.youtube.com\/watch?v=bSzZp1k9RWc\">Lien vers la bande annonce<\/a><\/h3>\n\n<\/li><\/ul><\/div>\n<\/main>\n<\/div>\n<\/div>\n<\/div>\n","protected":false},"excerpt":{"rendered":"","protected":false},"author":1,"featured_media":0,"parent":0,"menu_order":0,"comment_status":"closed","ping_status":"closed","template":"","meta":{"footnotes":""},"class_list":["post-192","page","type-page","status-publish","hentry"],"_links":{"self":[{"href":"https:\/\/www.david-moitet.fr\/index.php?rest_route=\/wp\/v2\/pages\/192","targetHints":{"allow":["GET"]}}],"collection":[{"href":"https:\/\/www.david-moitet.fr\/index.php?rest_route=\/wp\/v2\/pages"}],"about":[{"href":"https:\/\/www.david-moitet.fr\/index.php?rest_route=\/wp\/v2\/types\/page"}],"author":[{"embeddable":true,"href":"https:\/\/www.david-moitet.fr\/index.php?rest_route=\/wp\/v2\/users\/1"}],"replies":[{"embeddable":true,"href":"https:\/\/www.david-moitet.fr\/index.php?rest_route=%2Fwp%2Fv2%2Fcomments&post=192"}],"version-history":[{"count":3,"href":"https:\/\/www.david-moitet.fr\/index.php?rest_route=\/wp\/v2\/pages\/192\/revisions"}],"predecessor-version":[{"id":250,"href":"https:\/\/www.david-moitet.fr\/index.php?rest_route=\/wp\/v2\/pages\/192\/revisions\/250"}],"wp:attachment":[{"href":"https:\/\/www.david-moitet.fr\/index.php?rest_route=%2Fwp%2Fv2%2Fmedia&parent=192"}],"curies":[{"name":"wp","href":"https:\/\/api.w.org\/{rel}","templated":true}]}}