{"id":195,"date":"2025-06-24T09:26:13","date_gmt":"2025-06-24T07:26:13","guid":{"rendered":"https:\/\/www.david-moitet.fr\/?page_id=195"},"modified":"2025-06-24T11:34:10","modified_gmt":"2025-06-24T09:34:10","slug":"piege-boreal","status":"publish","type":"page","link":"https:\/\/www.david-moitet.fr\/?page_id=195","title":{"rendered":"Pi\u00e8ge Bor\u00e9al"},"content":{"rendered":"\n<div class=\"wp-block-group alignfull has-global-padding is-layout-constrained wp-container-core-group-is-layout-9b4607c3 wp-block-group-is-layout-constrained\" style=\"margin-top:0;margin-bottom:0;padding-top:var(--wp--preset--spacing--superbspacing-small);padding-right:var(--wp--preset--spacing--superbspacing-small);padding-bottom:var(--wp--preset--spacing--superbspacing-small);padding-left:var(--wp--preset--spacing--superbspacing-small)\">\n<div class=\"wp-block-columns is-layout-flex wp-container-core-columns-is-layout-28f84493 wp-block-columns-is-layout-flex\">\n<div class=\"wp-block-column is-layout-flow wp-block-column-is-layout-flow\" style=\"flex-basis:100%\">\n<main class=\"wp-block-group blog-feed-one has-global-padding is-layout-constrained wp-container-core-group-is-layout-8921a5c1 wp-block-group-is-layout-constrained\" style=\"margin-bottom:var(--wp--preset--spacing--superbspacing-small);padding-top:0;padding-right:0;padding-bottom:0;padding-left:0\">\n<div class=\"wp-block-query alignwide has-global-padding is-layout-constrained wp-container-core-query-is-layout-db9edeb8 wp-block-query-is-layout-constrained\"><ul class=\"alignwide wp-block-post-template is-layout-flow wp-container-core-post-template-is-layout-56df9aa4 wp-block-post-template-is-layout-flow\"><li class=\"wp-block-post post-1 post type-post status-publish format-standard hentry category-non-classe\">\n\n<div class=\"wp-block-group alignwide is-horizontal is-content-justification-left is-nowrap is-layout-flex wp-container-core-group-is-layout-5a79d77c wp-block-group-is-layout-flex\" style=\"border-bottom-style:none;border-bottom-width:0px;margin-bottom:0;padding-top:0;padding-bottom:0\">\n<figure class=\"wp-block-image size-full is-resized\"><img loading=\"lazy\" decoding=\"async\" width=\"494\" height=\"727\" src=\"https:\/\/www.david-moitet.fr\/wp-content\/uploads\/2025\/06\/couv-piege-boreal-22-16.jpg\" alt=\"\" class=\"wp-image-198\" style=\"aspect-ratio:0.6666666666666666;object-fit:cover;width:398px;height:auto\" srcset=\"https:\/\/www.david-moitet.fr\/wp-content\/uploads\/2025\/06\/couv-piege-boreal-22-16.jpg 494w, https:\/\/www.david-moitet.fr\/wp-content\/uploads\/2025\/06\/couv-piege-boreal-22-16-204x300.jpg 204w\" sizes=\"auto, (max-width: 494px) 100vw, 494px\" \/><\/figure>\n\n\n\n<div class=\"wp-block-group has-contrast-dark-color has-text-color has-link-color wp-elements-20800287579668c464da0ff5d1641d33 is-layout-flow wp-block-group-is-layout-flow\">\n<h4 class=\"wp-block-heading has-primary-color has-text-color has-link-color wp-elements-4261e759e1e2c9880a77633320820bdc\">2012<\/h4>\n\n\n\n<p>Des ruelles obscures du vieux Mans aux \u00e9tendues hostiles du Grand nord, un tueur s\u00e8me des cadavres en leur gravant des nombres sur le front\u2026<\/p>\n\n\n\n<p>Une jeune journaliste d\u00e9couvre ses grands parents crucifi\u00e9s dans leur maison. Dans le m\u00eame temps, trois adolescents disparaissent sans laisser de traces.<\/p>\n\n\n\n<p>Menant leur propre enqu\u00eate, les proches des victimes se lancent dans une course effr\u00e9n\u00e9e pour comprendre pourquoi leur vie a bascul\u00e9. Y aurait-il un lien entre les deux affaires ?<\/p>\n\n\n\n<p>Ils vont devoir faire vite, car rien ne semble pouvoir arr\u00eater le compte \u00e0 rebours macabre\u2026<\/p>\n\n\n\n<p>QUI SERA LA PROCHAINE VICTIME ?<br><br><\/p>\n<\/div>\n<\/div>\n\n\n\n<h3 class=\"wp-block-heading\"><a href=\"https:\/\/www.youtube.com\/watch?v=rip6l6VpKys\">Lien vers la bande annonce<\/a><\/h3>\n\n<\/li><\/ul><\/div>\n<\/main>\n<\/div>\n<\/div>\n<\/div>\n","protected":false},"excerpt":{"rendered":"","protected":false},"author":1,"featured_media":0,"parent":0,"menu_order":0,"comment_status":"closed","ping_status":"closed","template":"","meta":{"footnotes":""},"class_list":["post-195","page","type-page","status-publish","hentry"],"_links":{"self":[{"href":"https:\/\/www.david-moitet.fr\/index.php?rest_route=\/wp\/v2\/pages\/195","targetHints":{"allow":["GET"]}}],"collection":[{"href":"https:\/\/www.david-moitet.fr\/index.php?rest_route=\/wp\/v2\/pages"}],"about":[{"href":"https:\/\/www.david-moitet.fr\/index.php?rest_route=\/wp\/v2\/types\/page"}],"author":[{"embeddable":true,"href":"https:\/\/www.david-moitet.fr\/index.php?rest_route=\/wp\/v2\/users\/1"}],"replies":[{"embeddable":true,"href":"https:\/\/www.david-moitet.fr\/index.php?rest_route=%2Fwp%2Fv2%2Fcomments&post=195"}],"version-history":[{"count":4,"href":"https:\/\/www.david-moitet.fr\/index.php?rest_route=\/wp\/v2\/pages\/195\/revisions"}],"predecessor-version":[{"id":249,"href":"https:\/\/www.david-moitet.fr\/index.php?rest_route=\/wp\/v2\/pages\/195\/revisions\/249"}],"wp:attachment":[{"href":"https:\/\/www.david-moitet.fr\/index.php?rest_route=%2Fwp%2Fv2%2Fmedia&parent=195"}],"curies":[{"name":"wp","href":"https:\/\/api.w.org\/{rel}","templated":true}]}}