{"id":203,"date":"2025-06-24T09:38:07","date_gmt":"2025-06-24T07:38:07","guid":{"rendered":"https:\/\/www.david-moitet.fr\/?page_id=203"},"modified":"2025-06-24T09:41:41","modified_gmt":"2025-06-24T07:41:41","slug":"le-passage-des-ombres","status":"publish","type":"page","link":"https:\/\/www.david-moitet.fr\/?page_id=203","title":{"rendered":"Le Passage des Ombres"},"content":{"rendered":"\n<div class=\"wp-block-group alignfull has-global-padding is-layout-constrained wp-container-core-group-is-layout-9b4607c3 wp-block-group-is-layout-constrained\" style=\"margin-top:0;margin-bottom:0;padding-top:var(--wp--preset--spacing--superbspacing-small);padding-right:var(--wp--preset--spacing--superbspacing-small);padding-bottom:var(--wp--preset--spacing--superbspacing-small);padding-left:var(--wp--preset--spacing--superbspacing-small)\">\n<div class=\"wp-block-columns is-layout-flex wp-container-core-columns-is-layout-28f84493 wp-block-columns-is-layout-flex\">\n<div class=\"wp-block-column is-layout-flow wp-block-column-is-layout-flow\" style=\"flex-basis:100%\">\n<main class=\"wp-block-group blog-feed-one has-global-padding is-layout-constrained wp-container-core-group-is-layout-8921a5c1 wp-block-group-is-layout-constrained\" style=\"margin-bottom:var(--wp--preset--spacing--superbspacing-small);padding-top:0;padding-right:0;padding-bottom:0;padding-left:0\">\n<div class=\"wp-block-query alignwide has-global-padding is-layout-constrained wp-container-core-query-is-layout-db9edeb8 wp-block-query-is-layout-constrained\"><ul class=\"alignwide wp-block-post-template is-layout-flow wp-container-core-post-template-is-layout-56df9aa4 wp-block-post-template-is-layout-flow\"><li class=\"wp-block-post post-1 post type-post status-publish format-standard hentry category-non-classe\">\n\n<div class=\"wp-block-group alignwide is-horizontal is-content-justification-left is-nowrap is-layout-flex wp-container-core-group-is-layout-5a79d77c wp-block-group-is-layout-flex\" style=\"border-bottom-style:none;border-bottom-width:0px;margin-bottom:0;padding-top:0;padding-bottom:0\">\n<figure class=\"wp-block-image size-full is-resized\"><img loading=\"lazy\" decoding=\"async\" width=\"616\" height=\"954\" src=\"https:\/\/www.david-moitet.fr\/wp-content\/uploads\/2025\/06\/passage-ombres-david-moitet.jpg\" alt=\"\" class=\"wp-image-30\" style=\"aspect-ratio:0.6666666666666666;object-fit:cover;width:398px;height:auto\" srcset=\"https:\/\/www.david-moitet.fr\/wp-content\/uploads\/2025\/06\/passage-ombres-david-moitet.jpg 616w, https:\/\/www.david-moitet.fr\/wp-content\/uploads\/2025\/06\/passage-ombres-david-moitet-194x300.jpg 194w\" sizes=\"auto, (max-width: 616px) 100vw, 616px\" \/><\/figure>\n\n\n\n<div class=\"wp-block-group has-contrast-dark-color has-text-color has-link-color wp-elements-a06f8c53d75db70f4472157f24473ba7 is-layout-flow wp-block-group-is-layout-flow\">\n<h4 class=\"wp-block-heading has-primary-color has-text-color has-link-color wp-elements-8e8dd5df32ecb0358ac2e86fccac000c\">2014 (Suite d&rsquo;Apoptose\/Suicide cellulaire)<\/h4>\n\n\n\n<p>\u00ab\u00a0La porte est en dedans.\u00a0\u00bb C\u2019est le myst\u00e9rieux message laiss\u00e9 sur le seuil de la chapelle de Tr\u00e9horenteuc, en Bretagne.<br>Aujourd\u2019hui encore, nul ne sait ce qu\u2019il signifie. Sauf, peut-\u00eatre, L\u00e9onard de Vinci\u2026<br><br>Loin de se douter que cette inscription va transformer sa vie, Thomas Galion, l\u2019ancien flic de la criminelle,<br>profite de vacances bien m\u00e9rit\u00e9es en mer Rouge avec son amie.<br>Mais leur s\u00e9jour se transforme rapidement en cauchemar\u2026<br><br>Qui sont ces hommes, qui les pourchassent ?<br>Y-a-t-il un lien avec la d\u00e9licate affaire qu\u2019ils viennent de r\u00e9soudre ?\u00a0<br><br><\/p>\n\n\n\n<blockquote class=\"wp-block-quote is-layout-flow wp-block-quote-is-layout-flow\"><\/blockquote>\n<\/div>\n<\/div>\n\n\n\n<p><\/p>\n\n<\/li><\/ul><\/div>\n<\/main>\n<\/div>\n<\/div>\n<\/div>\n","protected":false},"excerpt":{"rendered":"","protected":false},"author":1,"featured_media":0,"parent":0,"menu_order":0,"comment_status":"closed","ping_status":"closed","template":"","meta":{"footnotes":""},"class_list":["post-203","page","type-page","status-publish","hentry"],"_links":{"self":[{"href":"https:\/\/www.david-moitet.fr\/index.php?rest_route=\/wp\/v2\/pages\/203","targetHints":{"allow":["GET"]}}],"collection":[{"href":"https:\/\/www.david-moitet.fr\/index.php?rest_route=\/wp\/v2\/pages"}],"about":[{"href":"https:\/\/www.david-moitet.fr\/index.php?rest_route=\/wp\/v2\/types\/page"}],"author":[{"embeddable":true,"href":"https:\/\/www.david-moitet.fr\/index.php?rest_route=\/wp\/v2\/users\/1"}],"replies":[{"embeddable":true,"href":"https:\/\/www.david-moitet.fr\/index.php?rest_route=%2Fwp%2Fv2%2Fcomments&post=203"}],"version-history":[{"count":3,"href":"https:\/\/www.david-moitet.fr\/index.php?rest_route=\/wp\/v2\/pages\/203\/revisions"}],"predecessor-version":[{"id":210,"href":"https:\/\/www.david-moitet.fr\/index.php?rest_route=\/wp\/v2\/pages\/203\/revisions\/210"}],"wp:attachment":[{"href":"https:\/\/www.david-moitet.fr\/index.php?rest_route=%2Fwp%2Fv2%2Fmedia&parent=203"}],"curies":[{"name":"wp","href":"https:\/\/api.w.org\/{rel}","templated":true}]}}