{"id":215,"date":"2025-06-24T09:55:56","date_gmt":"2025-06-24T07:55:56","guid":{"rendered":"https:\/\/www.david-moitet.fr\/?page_id=215"},"modified":"2025-06-24T10:18:33","modified_gmt":"2025-06-24T08:18:33","slug":"polars-adultes","status":"publish","type":"page","link":"https:\/\/www.david-moitet.fr\/?page_id=215","title":{"rendered":"Polars Adultes"},"content":{"rendered":"\n<div class=\"wp-block-group alignfull has-mono-4-background-color has-background has-global-padding is-layout-constrained wp-container-core-group-is-layout-7b5e4b56 wp-block-group-is-layout-constrained\" style=\"margin-top:0;margin-bottom:0;padding-top:var(--wp--preset--spacing--superbspacing-medium);padding-right:var(--wp--preset--spacing--superbspacing-small);padding-bottom:var(--wp--preset--spacing--superbspacing-medium);padding-left:var(--wp--preset--spacing--superbspacing-small)\">\n<div class=\"wp-block-columns alignwide is-layout-flex wp-container-core-columns-is-layout-f9d87e41 wp-block-columns-is-layout-flex\">\n<div class=\"wp-block-column is-vertically-aligned-center is-layout-flow wp-container-core-column-is-layout-db2cb278 wp-block-column-is-layout-flow\">\n<figure class=\"wp-block-image size-full has-custom-border\"><img loading=\"lazy\" decoding=\"async\" width=\"220\" height=\"359\" src=\"https:\/\/www.david-moitet.fr\/wp-content\/uploads\/2025\/06\/s-l1600.jpg\" alt=\"\" class=\"wp-image-31\" style=\"border-radius:8px;aspect-ratio:2\/3;object-fit:cover\" srcset=\"https:\/\/www.david-moitet.fr\/wp-content\/uploads\/2025\/06\/s-l1600.jpg 220w, https:\/\/www.david-moitet.fr\/wp-content\/uploads\/2025\/06\/s-l1600-184x300.jpg 184w\" sizes=\"auto, (max-width: 220px) 100vw, 220px\" \/><\/figure>\n\n\n\n<div class=\"wp-block-group has-global-padding is-layout-constrained wp-container-core-group-is-layout-85cc789f wp-block-group-is-layout-constrained\">\n<div class=\"wp-block-group has-global-padding is-layout-constrained wp-container-core-group-is-layout-19e250f3 wp-block-group-is-layout-constrained\">\n<h3 class=\"wp-block-heading has-text-align-left has-contrast-color has-text-color has-superbfont-medium-font-size\">L&rsquo;homme aux papillons<\/h3>\n<\/div>\n\n\n\n<p class=\"has-text-align-left has-mono-2-color has-text-color has-superbfont-xsmall-font-size\" style=\"margin-top:var(--wp--preset--spacing--superbspacing-xxsmall);margin-bottom:var(--wp--preset--spacing--superbspacing-xxsmall)\">Un cadavre myst\u00e9rieux, un flic soupconn\u00e9&#8230;<br>Une enqu\u00eate men\u00e9e tambour battant.<\/p>\n\n\n\n<h3 class=\"wp-block-heading has-text-align-left has-primary-color has-text-color has-superbfont-small-font-size\"><a href=\"https:\/\/www.david-moitet.fr\/?page_id=153\">En savoir plus \u2192<\/a><\/h3>\n<\/div>\n<\/div>\n\n\n\n<div class=\"wp-block-column is-vertically-aligned-center is-layout-flow wp-container-core-column-is-layout-db2cb278 wp-block-column-is-layout-flow\">\n<figure class=\"wp-block-image size-full has-custom-border\"><img loading=\"lazy\" decoding=\"async\" width=\"305\" height=\"500\" src=\"https:\/\/www.david-moitet.fr\/wp-content\/uploads\/2025\/06\/suicide-cellulaire.jpg\" alt=\"\" class=\"wp-image-32\" style=\"border-radius:8px;aspect-ratio:2\/3;object-fit:cover\" srcset=\"https:\/\/www.david-moitet.fr\/wp-content\/uploads\/2025\/06\/suicide-cellulaire.jpg 305w, https:\/\/www.david-moitet.fr\/wp-content\/uploads\/2025\/06\/suicide-cellulaire-183x300.jpg 183w\" sizes=\"auto, (max-width: 305px) 100vw, 305px\" \/><\/figure>\n\n\n\n<div class=\"wp-block-group has-global-padding is-layout-constrained wp-container-core-group-is-layout-85cc789f wp-block-group-is-layout-constrained\">\n<div class=\"wp-block-group has-global-padding is-layout-constrained wp-container-core-group-is-layout-19e250f3 wp-block-group-is-layout-constrained\">\n<h3 class=\"wp-block-heading has-text-align-left has-contrast-color has-text-color has-superbfont-medium-font-size\">Apoptose \/Suicide cellulaire<\/h3>\n<\/div>\n\n\n\n<p class=\"has-text-align-left has-mono-2-color has-text-color has-superbfont-xsmall-font-size\" style=\"margin-top:var(--wp--preset--spacing--superbspacing-xxsmall);margin-bottom:var(--wp--preset--spacing--superbspacing-xxsmall)\">Une plong\u00e9e dans les paysages somptueux des Pyr\u00e9n\u00e9es. <br>Attention, vous \u00eates suivis&#8230;<\/p>\n\n\n\n<h3 class=\"wp-block-heading has-text-align-left has-primary-color has-text-color has-superbfont-small-font-size\"><a href=\"https:\/\/www.david-moitet.fr\/?page_id=192\">En savoir plus \u2192<\/a><\/h3>\n<\/div>\n<\/div>\n\n\n\n<div class=\"wp-block-column is-vertically-aligned-center is-layout-flow wp-container-core-column-is-layout-db2cb278 wp-block-column-is-layout-flow\">\n<figure class=\"wp-block-image size-full has-custom-border\"><img loading=\"lazy\" decoding=\"async\" width=\"494\" height=\"727\" src=\"https:\/\/www.david-moitet.fr\/wp-content\/uploads\/2025\/06\/couv-piege-boreal-22-16.jpg\" alt=\"\" class=\"wp-image-198\" style=\"border-radius:8px;aspect-ratio:2\/3;object-fit:cover\" srcset=\"https:\/\/www.david-moitet.fr\/wp-content\/uploads\/2025\/06\/couv-piege-boreal-22-16.jpg 494w, https:\/\/www.david-moitet.fr\/wp-content\/uploads\/2025\/06\/couv-piege-boreal-22-16-204x300.jpg 204w\" sizes=\"auto, (max-width: 494px) 100vw, 494px\" \/><\/figure>\n\n\n\n<div class=\"wp-block-group has-global-padding is-layout-constrained wp-container-core-group-is-layout-85cc789f wp-block-group-is-layout-constrained\">\n<div class=\"wp-block-group has-global-padding is-layout-constrained wp-container-core-group-is-layout-19e250f3 wp-block-group-is-layout-constrained\">\n<h3 class=\"wp-block-heading has-text-align-left has-contrast-color has-text-color has-superbfont-medium-font-size\">Pi\u00e8ge Bor\u00e9al<\/h3>\n<\/div>\n\n\n\n<p class=\"has-text-align-left has-mono-2-color has-text-color has-superbfont-xsmall-font-size\" style=\"margin-top:var(--wp--preset--spacing--superbspacing-xxsmall);margin-bottom:var(--wp--preset--spacing--superbspacing-xxsmall)\">Une s\u00e9rie de meurtres abjects, des ruelles du vieux Mans au Grand Nord&#8230;<br><br><\/p>\n\n\n\n<h3 class=\"wp-block-heading has-text-align-left has-primary-color has-text-color has-superbfont-small-font-size\"><a href=\"https:\/\/www.david-moitet.fr\/?page_id=195\">En savoir plus \u2192<\/a><\/h3>\n<\/div>\n<\/div>\n<\/div>\n<\/div>\n\n\n\n<div class=\"wp-block-group alignfull has-mono-4-background-color has-background has-global-padding is-layout-constrained wp-container-core-group-is-layout-7b5e4b56 wp-block-group-is-layout-constrained\" style=\"margin-top:0;margin-bottom:0;padding-top:var(--wp--preset--spacing--superbspacing-medium);padding-right:var(--wp--preset--spacing--superbspacing-small);padding-bottom:var(--wp--preset--spacing--superbspacing-medium);padding-left:var(--wp--preset--spacing--superbspacing-small)\">\n<div class=\"wp-block-columns alignwide is-layout-flex wp-container-core-columns-is-layout-f9d87e41 wp-block-columns-is-layout-flex\">\n<div class=\"wp-block-column is-vertically-aligned-center is-layout-flow wp-container-core-column-is-layout-db2cb278 wp-block-column-is-layout-flow\">\n<figure class=\"wp-block-image size-full has-custom-border\"><img loading=\"lazy\" decoding=\"async\" width=\"616\" height=\"954\" src=\"https:\/\/www.david-moitet.fr\/wp-content\/uploads\/2025\/06\/passage-ombres-david-moitet.jpg\" alt=\"\" class=\"wp-image-30\" style=\"border-radius:8px;aspect-ratio:2\/3;object-fit:cover\" srcset=\"https:\/\/www.david-moitet.fr\/wp-content\/uploads\/2025\/06\/passage-ombres-david-moitet.jpg 616w, https:\/\/www.david-moitet.fr\/wp-content\/uploads\/2025\/06\/passage-ombres-david-moitet-194x300.jpg 194w\" sizes=\"auto, (max-width: 616px) 100vw, 616px\" \/><\/figure>\n\n\n\n<div class=\"wp-block-group has-global-padding is-layout-constrained wp-container-core-group-is-layout-85cc789f wp-block-group-is-layout-constrained\">\n<div class=\"wp-block-group has-global-padding is-layout-constrained wp-container-core-group-is-layout-19e250f3 wp-block-group-is-layout-constrained\">\n<h3 class=\"wp-block-heading has-text-align-left has-contrast-color has-text-color has-superbfont-medium-font-size\">Le passage des ombres<\/h3>\n<\/div>\n\n\n\n<p class=\"has-text-align-left has-mono-2-color has-text-color has-superbfont-xsmall-font-size\" style=\"margin-top:var(--wp--preset--spacing--superbspacing-xxsmall);margin-bottom:var(--wp--preset--spacing--superbspacing-xxsmall)\">La seconde enqu\u00eate de Thomas Galion, de la Bretagne \u00e0 L&rsquo;Egypte.<br><br><br><\/p>\n\n\n\n<h3 class=\"wp-block-heading has-text-align-left has-primary-color has-text-color has-superbfont-small-font-size\"><a href=\"https:\/\/www.david-moitet.fr\/?page_id=203\">En savoir plus \u2192<\/a><\/h3>\n<\/div>\n<\/div>\n\n\n\n<div class=\"wp-block-column is-vertically-aligned-center is-layout-flow wp-container-core-column-is-layout-db2cb278 wp-block-column-is-layout-flow\">\n<figure class=\"wp-block-image size-full has-custom-border\"><img loading=\"lazy\" decoding=\"async\" width=\"494\" height=\"727\" src=\"https:\/\/www.david-moitet.fr\/wp-content\/uploads\/2025\/06\/couv-nous-serons-legion-22-16.jpg\" alt=\"\" class=\"wp-image-207\" style=\"border-radius:8px;aspect-ratio:2\/3;object-fit:cover\" srcset=\"https:\/\/www.david-moitet.fr\/wp-content\/uploads\/2025\/06\/couv-nous-serons-legion-22-16.jpg 494w, https:\/\/www.david-moitet.fr\/wp-content\/uploads\/2025\/06\/couv-nous-serons-legion-22-16-204x300.jpg 204w\" sizes=\"auto, (max-width: 494px) 100vw, 494px\" \/><\/figure>\n\n\n\n<div class=\"wp-block-group has-global-padding is-layout-constrained wp-container-core-group-is-layout-85cc789f wp-block-group-is-layout-constrained\">\n<div class=\"wp-block-group has-global-padding is-layout-constrained wp-container-core-group-is-layout-19e250f3 wp-block-group-is-layout-constrained\">\n<h3 class=\"wp-block-heading has-text-align-left has-contrast-color has-text-color has-superbfont-medium-font-size\">Nous Serons L\u00e9gion<\/h3>\n<\/div>\n\n\n\n<p class=\"has-text-align-left has-mono-2-color has-text-color has-superbfont-xsmall-font-size\" style=\"margin-top:var(--wp--preset--spacing--superbspacing-xxsmall);margin-bottom:var(--wp--preset--spacing--superbspacing-xxsmall)\">Il faut Toujours se m\u00e9fier des enfants&#8230;<br><br><br><br><\/p>\n\n\n\n<h3 class=\"wp-block-heading has-text-align-left has-primary-color has-text-color has-superbfont-small-font-size\"><a href=\"https:\/\/www.david-moitet.fr\/?page_id=206\">En savoir plus \u2192<\/a><\/h3>\n<\/div>\n<\/div>\n\n\n\n<div class=\"wp-block-column is-vertically-aligned-center is-layout-flow wp-container-core-column-is-layout-db2cb278 wp-block-column-is-layout-flow\">\n<div class=\"wp-block-cover\" style=\"min-height:319px;aspect-ratio:unset;\"><img loading=\"lazy\" decoding=\"async\" width=\"688\" height=\"1032\" class=\"wp-block-cover__image-background wp-image-220\" alt=\"\" src=\"https:\/\/www.david-moitet.fr\/wp-content\/uploads\/2025\/06\/pngegg-edited.png\" data-object-fit=\"cover\" srcset=\"https:\/\/www.david-moitet.fr\/wp-content\/uploads\/2025\/06\/pngegg-edited.png 688w, https:\/\/www.david-moitet.fr\/wp-content\/uploads\/2025\/06\/pngegg-edited-200x300.png 200w, https:\/\/www.david-moitet.fr\/wp-content\/uploads\/2025\/06\/pngegg-edited-683x1024.png 683w\" sizes=\"auto, (max-width: 688px) 100vw, 688px\" \/><span aria-hidden=\"true\" class=\"wp-block-cover__background has-background-dim\"><\/span><div class=\"wp-block-cover__inner-container is-layout-flow wp-block-cover-is-layout-flow\">\n<p class=\"has-text-align-center has-large-font-size\">En cours d&rsquo;\u00e9criture<\/p>\n<\/div><\/div>\n\n\n\n<div class=\"wp-block-group has-global-padding is-layout-constrained wp-container-core-group-is-layout-85cc789f wp-block-group-is-layout-constrained\">\n<div class=\"wp-block-group has-global-padding is-layout-constrained wp-container-core-group-is-layout-19e250f3 wp-block-group-is-layout-constrained\">\n<h3 class=\"wp-block-heading has-text-align-left has-contrast-color has-text-color has-superbfont-medium-font-size\">Reflets<\/h3>\n<\/div>\n\n\n\n<p class=\"has-text-align-left has-mono-2-color has-text-color has-superbfont-xsmall-font-size\" style=\"margin-top:var(--wp--preset--spacing--superbspacing-xxsmall);margin-bottom:var(--wp--preset--spacing--superbspacing-xxsmall)\">Nouveau projet adulte.<\/p>\n\n\n\n<p class=\"has-text-align-left has-mono-2-color has-text-color has-superbfont-xsmall-font-size\" style=\"margin-top:var(--wp--preset--spacing--superbspacing-xxsmall);margin-bottom:var(--wp--preset--spacing--superbspacing-xxsmall)\">Une enqu\u00eate au coeur des IA, qui vous entra\u00eenera jusqu&rsquo;\u00e0 Mayotte.<br>Affaire \u00e0 suivre&#8230;<\/p>\n\n\n\n<h3 class=\"wp-block-heading has-text-align-left has-primary-color has-text-color has-superbfont-small-font-size\"><a href=\"https:\/\/www.david-moitet.fr\/?page_id=215\">En savoir plus \u2192<\/a><\/h3>\n<\/div>\n<\/div>\n<\/div>\n<\/div>\n","protected":false},"excerpt":{"rendered":"<p>L&rsquo;homme aux papillons Un cadavre myst\u00e9rieux, un flic soupconn\u00e9&#8230;Une enqu\u00eate men\u00e9e tambour battant. En savoir plus \u2192 Apoptose \/Suicide cellulaire Une plong\u00e9e dans les paysages somptueux des Pyr\u00e9n\u00e9es. Attention, vous \u00eates suivis&#8230; En savoir plus \u2192 Pi\u00e8ge Bor\u00e9al Une s\u00e9rie de meurtres abjects, des ruelles du vieux Mans au Grand Nord&#8230; En savoir plus \u2192 [&hellip;]<\/p>\n","protected":false},"author":1,"featured_media":0,"parent":0,"menu_order":0,"comment_status":"closed","ping_status":"closed","template":"","meta":{"footnotes":""},"class_list":["post-215","page","type-page","status-publish","hentry"],"_links":{"self":[{"href":"https:\/\/www.david-moitet.fr\/index.php?rest_route=\/wp\/v2\/pages\/215","targetHints":{"allow":["GET"]}}],"collection":[{"href":"https:\/\/www.david-moitet.fr\/index.php?rest_route=\/wp\/v2\/pages"}],"about":[{"href":"https:\/\/www.david-moitet.fr\/index.php?rest_route=\/wp\/v2\/types\/page"}],"author":[{"embeddable":true,"href":"https:\/\/www.david-moitet.fr\/index.php?rest_route=\/wp\/v2\/users\/1"}],"replies":[{"embeddable":true,"href":"https:\/\/www.david-moitet.fr\/index.php?rest_route=%2Fwp%2Fv2%2Fcomments&post=215"}],"version-history":[{"count":6,"href":"https:\/\/www.david-moitet.fr\/index.php?rest_route=\/wp\/v2\/pages\/215\/revisions"}],"predecessor-version":[{"id":224,"href":"https:\/\/www.david-moitet.fr\/index.php?rest_route=\/wp\/v2\/pages\/215\/revisions\/224"}],"wp:attachment":[{"href":"https:\/\/www.david-moitet.fr\/index.php?rest_route=%2Fwp%2Fv2%2Fmedia&parent=215"}],"curies":[{"name":"wp","href":"https:\/\/api.w.org\/{rel}","templated":true}]}}