{"id":228,"date":"2025-06-24T11:27:08","date_gmt":"2025-06-24T09:27:08","guid":{"rendered":"https:\/\/www.david-moitet.fr\/?page_id=228"},"modified":"2025-06-27T09:51:39","modified_gmt":"2025-06-27T07:51:39","slug":"escape-game-2","status":"publish","type":"page","link":"https:\/\/www.david-moitet.fr\/?page_id=228","title":{"rendered":"Escape Game"},"content":{"rendered":"\n<div class=\"wp-block-group alignfull has-mono-4-background-color has-background has-global-padding is-layout-constrained wp-container-core-group-is-layout-0fb8dd87 wp-block-group-is-layout-constrained\" style=\"margin-top:0;margin-bottom:0;padding-top:var(--wp--preset--spacing--superbspacing-medium);padding-right:var(--wp--preset--spacing--superbspacing-small);padding-bottom:var(--wp--preset--spacing--superbspacing-medium);padding-left:var(--wp--preset--spacing--superbspacing-small)\">\n<figure class=\"wp-block-image alignwide size-full has-custom-border\"><img loading=\"lazy\" decoding=\"async\" width=\"819\" height=\"312\" src=\"https:\/\/www.david-moitet.fr\/wp-content\/uploads\/2025\/06\/Escape-game-RC-2722-Base.jpg\" alt=\"\" class=\"wp-image-232\" style=\"border-radius:30px\" srcset=\"https:\/\/www.david-moitet.fr\/wp-content\/uploads\/2025\/06\/Escape-game-RC-2722-Base.jpg 819w, https:\/\/www.david-moitet.fr\/wp-content\/uploads\/2025\/06\/Escape-game-RC-2722-Base-300x114.jpg 300w, https:\/\/www.david-moitet.fr\/wp-content\/uploads\/2025\/06\/Escape-game-RC-2722-Base-768x293.jpg 768w\" sizes=\"auto, (max-width: 819px) 100vw, 819px\" \/><\/figure>\n\n\n\n<div class=\"wp-block-columns alignwide is-layout-flex wp-container-core-columns-is-layout-25593187 wp-block-columns-is-layout-flex\">\n<div class=\"wp-block-column is-vertically-aligned-top is-layout-flow wp-container-core-column-is-layout-b101977f wp-block-column-is-layout-flow\" style=\"padding-right:0;padding-bottom:0;padding-left:0\">\n<h3 class=\"wp-block-heading has-text-align-left has-mono-2-color has-text-color has-superbfont-large-font-size\"><strong>Escape Game RC 2722<\/strong><\/h3>\n\n\n\n<h5 class=\"wp-block-heading has-text-align-left has-superbfont-medium-font-size\">&#8211; Dur\u00e9e 30 mn environ<br>&#8211; 10 participants maximum<\/h5>\n\n\n\n<h3 class=\"wp-block-heading has-text-align-left has-superbfont-small-font-size\">&#8211; A partir de 12 ans<\/h3>\n<\/div>\n\n\n\n<div class=\"wp-block-column is-vertically-aligned-center is-layout-flow wp-container-core-column-is-layout-a1628350 wp-block-column-is-layout-flow\" style=\"padding-top:0;padding-right:0;padding-bottom:0;padding-left:0\">\n<p class=\"has-text-align-left has-mono-2-color has-text-color has-superbfont-small-font-size\">Escape game collaboratif, dans l&rsquo;univers du roman RC 2722.<br>Avec les autres participants, vous \u00eates coinc\u00e9s dans un abri souterrain. Une inondation vous contraint \u00e0 quitter l&rsquo;abri.<br>Pour cela, il vous faudra trouver une combinaison de quatre chiffres.<br>Attention, le compte \u00e0 rebours a d\u00e9j\u00e0 commenc\u00e9 !<\/p>\n<\/div>\n<\/div>\n<\/div>\n\n\n\n<div class=\"wp-block-group alignfull has-mono-4-background-color has-background has-global-padding is-layout-constrained wp-container-core-group-is-layout-7b5e4b56 wp-block-group-is-layout-constrained\" style=\"margin-top:0;margin-bottom:0;padding-top:var(--wp--preset--spacing--superbspacing-medium);padding-right:var(--wp--preset--spacing--superbspacing-small);padding-bottom:var(--wp--preset--spacing--superbspacing-medium);padding-left:var(--wp--preset--spacing--superbspacing-small)\">\n<div class=\"wp-block-columns alignwide is-layout-flex wp-container-core-columns-is-layout-f9d87e41 wp-block-columns-is-layout-flex\">\n<div class=\"wp-block-column is-vertically-aligned-center is-layout-flow wp-container-core-column-is-layout-db2cb278 wp-block-column-is-layout-flow\">\n<figure class=\"wp-block-image size-large has-custom-border\"><img loading=\"lazy\" decoding=\"async\" width=\"1024\" height=\"640\" src=\"https:\/\/www.david-moitet.fr\/wp-content\/uploads\/2025\/06\/5-1024x640.jpg\" alt=\"\" class=\"wp-image-234\" style=\"border-radius:8px;object-fit:cover\" srcset=\"https:\/\/www.david-moitet.fr\/wp-content\/uploads\/2025\/06\/5-1024x640.jpg 1024w, https:\/\/www.david-moitet.fr\/wp-content\/uploads\/2025\/06\/5-300x188.jpg 300w, https:\/\/www.david-moitet.fr\/wp-content\/uploads\/2025\/06\/5-768x480.jpg 768w, https:\/\/www.david-moitet.fr\/wp-content\/uploads\/2025\/06\/5-1536x960.jpg 1536w, https:\/\/www.david-moitet.fr\/wp-content\/uploads\/2025\/06\/5.jpg 1680w\" sizes=\"auto, (max-width: 1024px) 100vw, 1024px\" \/><\/figure>\n\n\n\n<div class=\"wp-block-group has-global-padding is-layout-constrained wp-container-core-group-is-layout-85cc789f wp-block-group-is-layout-constrained\">\n<div class=\"wp-block-group has-global-padding is-layout-constrained wp-container-core-group-is-layout-19e250f3 wp-block-group-is-layout-constrained\">\n<h3 class=\"wp-block-heading has-text-align-left has-contrast-color has-text-color has-superbfont-medium-font-size\">Un code \u00e0 d\u00e9couvir<\/h3>\n<\/div>\n\n\n\n<p class=\"has-text-align-left has-mono-2-color has-text-color has-superbfont-xsmall-font-size\" style=\"margin-top:var(--wp--preset--spacing--superbspacing-xxsmall);margin-bottom:var(--wp--preset--spacing--superbspacing-xxsmall)\">Quatre \u00e9preuves vous attendent pour d\u00e9couvrir la combinaison qui vous permettra de sortir.<br><br><br><br><\/p>\n\n\n\n<p class=\"has-text-align-left has-mono-2-color has-text-color has-superbfont-xsmall-font-size\" style=\"margin-top:var(--wp--preset--spacing--superbspacing-xxsmall);margin-bottom:var(--wp--preset--spacing--superbspacing-xxsmall)\"><br><\/p>\n<\/div>\n<\/div>\n\n\n\n<div class=\"wp-block-column is-vertically-aligned-center is-layout-flow wp-container-core-column-is-layout-db2cb278 wp-block-column-is-layout-flow\">\n<figure class=\"wp-block-image size-large has-custom-border\"><img loading=\"lazy\" decoding=\"async\" width=\"1024\" height=\"640\" src=\"https:\/\/www.david-moitet.fr\/wp-content\/uploads\/2025\/06\/6-1024x640.jpg\" alt=\"\" class=\"wp-image-235\" style=\"border-radius:8px;object-fit:cover\" srcset=\"https:\/\/www.david-moitet.fr\/wp-content\/uploads\/2025\/06\/6-1024x640.jpg 1024w, https:\/\/www.david-moitet.fr\/wp-content\/uploads\/2025\/06\/6-300x188.jpg 300w, https:\/\/www.david-moitet.fr\/wp-content\/uploads\/2025\/06\/6-768x480.jpg 768w, https:\/\/www.david-moitet.fr\/wp-content\/uploads\/2025\/06\/6-1536x960.jpg 1536w, https:\/\/www.david-moitet.fr\/wp-content\/uploads\/2025\/06\/6.jpg 1680w\" sizes=\"auto, (max-width: 1024px) 100vw, 1024px\" \/><\/figure>\n\n\n\n<div class=\"wp-block-group has-global-padding is-layout-constrained wp-container-core-group-is-layout-85cc789f wp-block-group-is-layout-constrained\">\n<div class=\"wp-block-group has-global-padding is-layout-constrained wp-container-core-group-is-layout-19e250f3 wp-block-group-is-layout-constrained\">\n<h3 class=\"wp-block-heading has-text-align-left has-contrast-color has-text-color has-superbfont-medium-font-size\">Des \u00e9nigmes&#8230;<\/h3>\n<\/div>\n\n\n\n<p class=\"has-text-align-left has-mono-2-color has-text-color has-superbfont-xsmall-font-size\" style=\"margin-top:var(--wp--preset--spacing--superbspacing-xxsmall);margin-bottom:var(--wp--preset--spacing--superbspacing-xxsmall)\">Des \u00e9nigmes \u00e0 l&rsquo;\u00e9cran, mais aussi des objets de la salle qui peuvent vous aider&#8230;<br><\/p>\n\n\n\n<figure class=\"wp-block-image size-full\"><img loading=\"lazy\" decoding=\"async\" width=\"627\" height=\"371\" src=\"https:\/\/www.david-moitet.fr\/wp-content\/uploads\/2025\/06\/kryptex.png\" alt=\"\" class=\"wp-image-241\" srcset=\"https:\/\/www.david-moitet.fr\/wp-content\/uploads\/2025\/06\/kryptex.png 627w, https:\/\/www.david-moitet.fr\/wp-content\/uploads\/2025\/06\/kryptex-300x178.png 300w\" sizes=\"auto, (max-width: 627px) 100vw, 627px\" \/><\/figure>\n<\/div>\n<\/div>\n\n\n\n<div class=\"wp-block-column is-vertically-aligned-center is-layout-flow wp-container-core-column-is-layout-db2cb278 wp-block-column-is-layout-flow\">\n<figure class=\"wp-block-image aligncenter size-large has-custom-border\"><img loading=\"lazy\" decoding=\"async\" width=\"1024\" height=\"1024\" src=\"https:\/\/www.david-moitet.fr\/wp-content\/uploads\/2025\/06\/1675019165520-1024x1024.jpg\" alt=\"\" class=\"wp-image-236\" style=\"border-radius:8px;aspect-ratio:16\/9;object-fit:cover\" srcset=\"https:\/\/www.david-moitet.fr\/wp-content\/uploads\/2025\/06\/1675019165520-1024x1024.jpg 1024w, https:\/\/www.david-moitet.fr\/wp-content\/uploads\/2025\/06\/1675019165520-300x300.jpg 300w, https:\/\/www.david-moitet.fr\/wp-content\/uploads\/2025\/06\/1675019165520-150x150.jpg 150w, https:\/\/www.david-moitet.fr\/wp-content\/uploads\/2025\/06\/1675019165520-768x768.jpg 768w, https:\/\/www.david-moitet.fr\/wp-content\/uploads\/2025\/06\/1675019165520.jpg 1080w\" sizes=\"auto, (max-width: 1024px) 100vw, 1024px\" \/><\/figure>\n\n\n\n<div class=\"wp-block-group has-global-padding is-layout-constrained wp-container-core-group-is-layout-85cc789f wp-block-group-is-layout-constrained\">\n<div class=\"wp-block-group has-global-padding is-layout-constrained wp-container-core-group-is-layout-19e250f3 wp-block-group-is-layout-constrained\">\n<h3 class=\"wp-block-heading has-text-align-left has-contrast-color has-text-color has-superbfont-medium-font-size\">Mat\u00e9riel n\u00e9c\u00e9ssaire<\/h3>\n<\/div>\n\n\n\n<p class=\"has-text-align-left has-mono-2-color has-text-color has-superbfont-xsmall-font-size\" style=\"margin-top:var(--wp--preset--spacing--superbspacing-xxsmall);margin-bottom:var(--wp--preset--spacing--superbspacing-xxsmall)\">&#8211; 1 Vid\u00e9oprojecteur.<br>&#8211; 1 Ordinateur connect\u00e9 \u00e0 internet.<br>&#8211; 1 salle ferm\u00e9e plut\u00f4t sombre.<br>&#8211; 10 joueurs pr\u00eats \u00e0 se lancer dans l&rsquo;aventure<br><br><br><br><\/p>\n<\/div>\n<\/div>\n<\/div>\n<\/div>\n\n\n\n<div class=\"wp-block-group alignfull has-mono-4-background-color has-background has-global-padding is-layout-constrained wp-container-core-group-is-layout-129f6e7c wp-block-group-is-layout-constrained\" style=\"margin-top:0;margin-bottom:0;padding-top:var(--wp--preset--spacing--superbspacing-large);padding-right:var(--wp--preset--spacing--superbspacing-small);padding-bottom:var(--wp--preset--spacing--superbspacing-large);padding-left:var(--wp--preset--spacing--superbspacing-small)\">\n<div class=\"wp-block-columns alignwide is-layout-flex wp-container-core-columns-is-layout-25593187 wp-block-columns-is-layout-flex\">\n<div class=\"wp-block-column is-vertically-aligned-center is-layout-flow wp-container-core-column-is-layout-a1628350 wp-block-column-is-layout-flow\" style=\"padding-top:0;padding-right:0;padding-bottom:0;padding-left:0\">\n<div class=\"wp-block-group is-layout-flow wp-container-core-group-is-layout-ff697075 wp-block-group-is-layout-flow\">\n<h5 class=\"wp-block-heading has-text-align-left has-superbfont-xlarge-font-size\" style=\"line-height:1.2\">Infos pratiques<\/h5>\n\n\n\n<p class=\"has-text-align-left has-mono-2-color has-text-color has-superbfont-small-font-size\">&#8211; Possibilit\u00e9 de faire une rencontre avant ou apr\u00e8s l&rsquo;escape game.<br>&#8211; Possibilit\u00e9 de faire plusieurs sessions.<br>&#8211; Tarif 1\/2 journ\u00e9e Charte des auteurs et Illustrateurs.<\/p>\n<\/div>\n\n\n\n<div class=\"wp-block-buttons is-layout-flex wp-container-core-buttons-is-layout-69f3c5ca wp-block-buttons-is-layout-flex\">\n<div class=\"wp-block-button\"><a class=\"wp-block-button__link has-superbfont-small-font-size has-custom-font-size wp-element-button\" href=\"https:\/\/www.youtube.com\/watch?v=xPsF4cyTuiQ\" style=\"padding-top:var(--wp--preset--spacing--superbspacing-xsmall);padding-right:var(--wp--preset--spacing--superbspacing-xsmall);padding-bottom:var(--wp--preset--spacing--superbspacing-xsmall);padding-left:var(--wp--preset--spacing--superbspacing-xsmall)\">Pr\u00e9sentation vid\u00e9o \u2192<\/a><\/div>\n<\/div>\n<\/div>\n\n\n\n<div class=\"wp-block-column is-vertically-aligned-center is-layout-flow wp-container-core-column-is-layout-40a2a7e8 wp-block-column-is-layout-flow\" style=\"padding-right:0;padding-bottom:0;padding-left:0\">\n<figure class=\"wp-block-image size-large has-custom-border\"><img loading=\"lazy\" decoding=\"async\" width=\"1024\" height=\"768\" src=\"https:\/\/www.david-moitet.fr\/wp-content\/uploads\/2025\/06\/1675019165553-1024x768.jpg\" alt=\"\" class=\"wp-image-238\" style=\"border-radius:8px\" srcset=\"https:\/\/www.david-moitet.fr\/wp-content\/uploads\/2025\/06\/1675019165553-1024x768.jpg 1024w, https:\/\/www.david-moitet.fr\/wp-content\/uploads\/2025\/06\/1675019165553-300x225.jpg 300w, https:\/\/www.david-moitet.fr\/wp-content\/uploads\/2025\/06\/1675019165553-768x576.jpg 768w, https:\/\/www.david-moitet.fr\/wp-content\/uploads\/2025\/06\/1675019165553-1536x1152.jpg 1536w, https:\/\/www.david-moitet.fr\/wp-content\/uploads\/2025\/06\/1675019165553.jpg 1600w\" sizes=\"auto, (max-width: 1024px) 100vw, 1024px\" \/><\/figure>\n<\/div>\n<\/div>\n<\/div>\n\n\n\n<p><\/p>\n\n\n\n<h2 class=\"wp-block-heading\">Pour les plus jeunes&#8230;<\/h2>\n\n\n\n<div class=\"wp-block-group alignfull has-mono-4-background-color has-background has-global-padding is-layout-constrained wp-container-core-group-is-layout-0fb8dd87 wp-block-group-is-layout-constrained\" style=\"margin-top:0;margin-bottom:0;padding-top:var(--wp--preset--spacing--superbspacing-medium);padding-right:var(--wp--preset--spacing--superbspacing-small);padding-bottom:var(--wp--preset--spacing--superbspacing-medium);padding-left:var(--wp--preset--spacing--superbspacing-small)\">\n<div class=\"wp-block-columns alignwide is-layout-flex wp-container-core-columns-is-layout-25593187 wp-block-columns-is-layout-flex\">\n<div class=\"wp-block-column is-vertically-aligned-top is-layout-flow wp-container-core-column-is-layout-b101977f wp-block-column-is-layout-flow\" style=\"padding-right:0;padding-bottom:0;padding-left:0\">\n<h3 class=\"wp-block-heading has-text-align-center has-mono-2-color has-text-color has-superbfont-large-font-size\"><br><br>ESCAPE GAME LES MONSTRES D&rsquo;OUTRE-TERRE<br><\/h3>\n\n\n\n<h3 class=\"wp-block-heading has-text-align-center has-contrast-dark-color has-text-color has-superbfont-small-font-size\">&#8211; Dur\u00e9e 30 mn environ<br>-10 participants maximum<br>&#8211; A partir de 9 ans<br><\/h3>\n<\/div>\n\n\n\n<div class=\"wp-block-column is-vertically-aligned-center is-layout-flow wp-container-core-column-is-layout-a1628350 wp-block-column-is-layout-flow\" style=\"padding-top:0;padding-right:0;padding-bottom:0;padding-left:0\">\n<p class=\"has-text-align-center has-mono-2-color has-text-color has-superbfont-small-font-size\">Vous avez \u00e9t\u00e9<br>empoisonn\u00e9s !<br>Saurez-vous trouver les six lettres qui vous permettront d&rsquo;ouvrir le Kryptex qui renferme l&rsquo;antidote ?<\/p>\n<\/div>\n\n\n\n<div class=\"wp-block-column is-layout-flow wp-block-column-is-layout-flow\">\n<figure class=\"wp-block-image size-full\"><img loading=\"lazy\" decoding=\"async\" width=\"420\" height=\"594\" src=\"https:\/\/www.david-moitet.fr\/wp-content\/uploads\/2025\/06\/Fairy-removebg-preview-2.png\" alt=\"\" class=\"wp-image-242\" srcset=\"https:\/\/www.david-moitet.fr\/wp-content\/uploads\/2025\/06\/Fairy-removebg-preview-2.png 420w, https:\/\/www.david-moitet.fr\/wp-content\/uploads\/2025\/06\/Fairy-removebg-preview-2-212x300.png 212w\" sizes=\"auto, (max-width: 420px) 100vw, 420px\" \/><\/figure>\n<\/div>\n<\/div>\n\n\n\n<figure class=\"wp-block-image alignwide size-full has-custom-border\"><img loading=\"lazy\" decoding=\"async\" width=\"1680\" height=\"1050\" src=\"https:\/\/www.david-moitet.fr\/wp-content\/uploads\/2025\/06\/1.jpg\" alt=\"\" class=\"wp-image-240\" style=\"border-radius:30px\" srcset=\"https:\/\/www.david-moitet.fr\/wp-content\/uploads\/2025\/06\/1.jpg 1680w, https:\/\/www.david-moitet.fr\/wp-content\/uploads\/2025\/06\/1-300x188.jpg 300w, https:\/\/www.david-moitet.fr\/wp-content\/uploads\/2025\/06\/1-1024x640.jpg 1024w, https:\/\/www.david-moitet.fr\/wp-content\/uploads\/2025\/06\/1-768x480.jpg 768w, https:\/\/www.david-moitet.fr\/wp-content\/uploads\/2025\/06\/1-1536x960.jpg 1536w\" sizes=\"auto, (max-width: 1680px) 100vw, 1680px\" \/><\/figure>\n<\/div>\n","protected":false},"excerpt":{"rendered":"<p>Escape Game RC 2722 &#8211; Dur\u00e9e 30 mn environ&#8211; 10 participants maximum &#8211; A partir de 12 ans Escape game collaboratif, dans l&rsquo;univers du roman RC 2722.Avec les autres participants, vous \u00eates coinc\u00e9s dans un abri souterrain. Une inondation vous contraint \u00e0 quitter l&rsquo;abri.Pour cela, il vous faudra trouver une combinaison de quatre chiffres.Attention, le [&hellip;]<\/p>\n","protected":false},"author":1,"featured_media":0,"parent":0,"menu_order":0,"comment_status":"closed","ping_status":"closed","template":"","meta":{"footnotes":""},"class_list":["post-228","page","type-page","status-publish","hentry"],"_links":{"self":[{"href":"https:\/\/www.david-moitet.fr\/index.php?rest_route=\/wp\/v2\/pages\/228","targetHints":{"allow":["GET"]}}],"collection":[{"href":"https:\/\/www.david-moitet.fr\/index.php?rest_route=\/wp\/v2\/pages"}],"about":[{"href":"https:\/\/www.david-moitet.fr\/index.php?rest_route=\/wp\/v2\/types\/page"}],"author":[{"embeddable":true,"href":"https:\/\/www.david-moitet.fr\/index.php?rest_route=\/wp\/v2\/users\/1"}],"replies":[{"embeddable":true,"href":"https:\/\/www.david-moitet.fr\/index.php?rest_route=%2Fwp%2Fv2%2Fcomments&post=228"}],"version-history":[{"count":11,"href":"https:\/\/www.david-moitet.fr\/index.php?rest_route=\/wp\/v2\/pages\/228\/revisions"}],"predecessor-version":[{"id":315,"href":"https:\/\/www.david-moitet.fr\/index.php?rest_route=\/wp\/v2\/pages\/228\/revisions\/315"}],"wp:attachment":[{"href":"https:\/\/www.david-moitet.fr\/index.php?rest_route=%2Fwp%2Fv2%2Fmedia&parent=228"}],"curies":[{"name":"wp","href":"https:\/\/api.w.org\/{rel}","templated":true}]}}