{"id":259,"date":"2025-06-24T12:09:51","date_gmt":"2025-06-24T10:09:51","guid":{"rendered":"https:\/\/www.david-moitet.fr\/?page_id=259"},"modified":"2025-06-24T12:13:26","modified_gmt":"2025-06-24T10:13:26","slug":"la-longue-nuit","status":"publish","type":"page","link":"https:\/\/www.david-moitet.fr\/?page_id=259","title":{"rendered":"La Longue Nuit"},"content":{"rendered":"\n<div class=\"wp-block-group is-nowrap is-layout-flex wp-container-core-group-is-layout-6c531013 wp-block-group-is-layout-flex\">\n<figure class=\"wp-block-image size-full is-resized\"><img loading=\"lazy\" decoding=\"async\" width=\"494\" height=\"727\" src=\"https:\/\/www.david-moitet.fr\/wp-content\/uploads\/2025\/06\/La-longue-nuit-1.jpeg\" alt=\"\" class=\"wp-image-257\" style=\"width:328px;height:auto\" srcset=\"https:\/\/www.david-moitet.fr\/wp-content\/uploads\/2025\/06\/La-longue-nuit-1.jpeg 494w, https:\/\/www.david-moitet.fr\/wp-content\/uploads\/2025\/06\/La-longue-nuit-1-204x300.jpeg 204w\" sizes=\"auto, (max-width: 494px) 100vw, 494px\" \/><\/figure>\n\n\n\n<div class=\"wp-block-group has-global-padding is-layout-constrained wp-block-group-is-layout-constrained\">\n<h4 class=\"wp-block-heading has-primary-color has-text-color has-link-color wp-elements-09513dec42a5c38a5d6e3c195c58f53e\">2023 &#8211; A partir de 12 ans<\/h4>\n\n\n\n<p>Mira a un r\u00eave : devenir la premi\u00e8re femme enqu\u00eatrice du royaume. Mais pour cela, elle doit r\u00e9ussir l\u2019\u00e9preuve de la longue nuit, un rite qui permet \u00e0 chacun de gagner sa place dans la soci\u00e9t\u00e9. L\u2019enjeu est de survivre une nuit enti\u00e8re dans la for\u00eat interdite et de trouver une fleur de Lune\u2026<br>Mira n\u2019est pas au bout de ses surprises, car les secrets de la for\u00eat vont bien au-del\u00e0 de cette terrible initiation\u2026<\/p>\n\n\n\n<blockquote class=\"wp-block-quote is-layout-flow wp-block-quote-is-layout-flow\">\n<p class=\"has-mono-2-color has-text-color has-link-color wp-elements-0b17626337cd0f7dcd1f89b99fa02112\"><strong><strong><strong>Prix de la Foire du livre de Brive 2022<\/strong><\/strong><\/strong><\/p>\n<\/blockquote>\n<\/div>\n<\/div>\n","protected":false},"excerpt":{"rendered":"<p>2023 &#8211; A partir de 12 ans Mira a un r\u00eave : devenir la premi\u00e8re femme enqu\u00eatrice du royaume. Mais pour cela, elle doit r\u00e9ussir l\u2019\u00e9preuve de la longue nuit, un rite qui permet \u00e0 chacun de gagner sa place dans la soci\u00e9t\u00e9. L\u2019enjeu est de survivre une nuit enti\u00e8re dans la for\u00eat interdite et [&hellip;]<\/p>\n","protected":false},"author":1,"featured_media":0,"parent":0,"menu_order":0,"comment_status":"closed","ping_status":"closed","template":"","meta":{"footnotes":""},"class_list":["post-259","page","type-page","status-publish","hentry"],"_links":{"self":[{"href":"https:\/\/www.david-moitet.fr\/index.php?rest_route=\/wp\/v2\/pages\/259","targetHints":{"allow":["GET"]}}],"collection":[{"href":"https:\/\/www.david-moitet.fr\/index.php?rest_route=\/wp\/v2\/pages"}],"about":[{"href":"https:\/\/www.david-moitet.fr\/index.php?rest_route=\/wp\/v2\/types\/page"}],"author":[{"embeddable":true,"href":"https:\/\/www.david-moitet.fr\/index.php?rest_route=\/wp\/v2\/users\/1"}],"replies":[{"embeddable":true,"href":"https:\/\/www.david-moitet.fr\/index.php?rest_route=%2Fwp%2Fv2%2Fcomments&post=259"}],"version-history":[{"count":2,"href":"https:\/\/www.david-moitet.fr\/index.php?rest_route=\/wp\/v2\/pages\/259\/revisions"}],"predecessor-version":[{"id":262,"href":"https:\/\/www.david-moitet.fr\/index.php?rest_route=\/wp\/v2\/pages\/259\/revisions\/262"}],"wp:attachment":[{"href":"https:\/\/www.david-moitet.fr\/index.php?rest_route=%2Fwp%2Fv2%2Fmedia&parent=259"}],"curies":[{"name":"wp","href":"https:\/\/api.w.org\/{rel}","templated":true}]}}