{"id":74,"date":"2025-06-22T19:01:06","date_gmt":"2025-06-22T17:01:06","guid":{"rendered":"http:\/\/www.david-moitet.fr\/?page_id=74"},"modified":"2025-06-23T18:29:57","modified_gmt":"2025-06-23T16:29:57","slug":"new-earth-project","status":"publish","type":"page","link":"https:\/\/www.david-moitet.fr\/?page_id=74","title":{"rendered":"New Earth Project"},"content":{"rendered":"\n<main class=\"wp-block-group is-layout-flow wp-container-core-group-is-layout-7fca4a22 wp-block-group-is-layout-flow\" style=\"margin-top:0rem;padding-top:0;padding-right:0;padding-bottom:0;padding-left:0\">\n<p><\/p>\n\n\n\n<div class=\"wp-block-group alignfull has-global-padding is-layout-constrained wp-container-core-group-is-layout-9b4607c3 wp-block-group-is-layout-constrained\" style=\"margin-top:0;margin-bottom:0;padding-top:var(--wp--preset--spacing--superbspacing-small);padding-right:var(--wp--preset--spacing--superbspacing-small);padding-bottom:var(--wp--preset--spacing--superbspacing-small);padding-left:var(--wp--preset--spacing--superbspacing-small)\">\n<div class=\"wp-block-columns is-layout-flex wp-container-core-columns-is-layout-28f84493 wp-block-columns-is-layout-flex\">\n<div class=\"wp-block-column is-layout-flow wp-block-column-is-layout-flow\" style=\"flex-basis:100%\">\n<main class=\"wp-block-group blog-feed-one has-global-padding is-layout-constrained wp-container-core-group-is-layout-8921a5c1 wp-block-group-is-layout-constrained\" style=\"margin-bottom:var(--wp--preset--spacing--superbspacing-small);padding-top:0;padding-right:0;padding-bottom:0;padding-left:0\">\n<div class=\"wp-block-query alignwide has-global-padding is-layout-constrained wp-container-core-query-is-layout-db9edeb8 wp-block-query-is-layout-constrained\"><ul class=\"alignwide wp-block-post-template is-layout-flow wp-container-core-post-template-is-layout-56df9aa4 wp-block-post-template-is-layout-flow\"><li class=\"wp-block-post post-1 post type-post status-publish format-standard hentry category-non-classe\">\n\n<div class=\"wp-block-group alignwide is-horizontal is-content-justification-left is-nowrap is-layout-flex wp-container-core-group-is-layout-5a79d77c wp-block-group-is-layout-flex\" style=\"border-bottom-style:none;border-bottom-width:0px;margin-bottom:0;padding-top:0;padding-bottom:0\">\n<figure class=\"wp-block-image size-full is-resized\"><img loading=\"lazy\" decoding=\"async\" width=\"494\" height=\"727\" src=\"https:\/\/www.david-moitet.fr\/wp-content\/uploads\/2025\/06\/COUVERTURE_NEP_OK-4.jpg\" alt=\"\" class=\"wp-image-76\" style=\"aspect-ratio:0.6666666666666666;object-fit:cover;width:398px;height:auto\" srcset=\"https:\/\/www.david-moitet.fr\/wp-content\/uploads\/2025\/06\/COUVERTURE_NEP_OK-4.jpg 494w, https:\/\/www.david-moitet.fr\/wp-content\/uploads\/2025\/06\/COUVERTURE_NEP_OK-4-204x300.jpg 204w\" sizes=\"auto, (max-width: 494px) 100vw, 494px\" \/><\/figure>\n\n\n\n<div class=\"wp-block-group has-contrast-dark-color has-text-color has-link-color wp-elements-00353aebaa6ac9dae4dfc0f44a254082 is-layout-flow wp-block-group-is-layout-flow\">\n<h4 class=\"wp-block-heading has-primary-color has-text-color has-link-color wp-elements-de4e348ab516dc73a0821b91081ae8f5\">2017 &#8211; A partir de 12 ans (Disponible en format poche) (7 Traductions)<\/h4>\n\n\n\n<p>An 2125. La terre est malade.<br>Pollution, \u00e9pid\u00e9mies, surpopulation. Les plus riches se sont mis \u00e0 l\u2019abri sous d\u2019immenses d\u00f4mes, tandis que le reste de la population survit tant bien que mal. Seul espoir \u00e0 l\u2019horizon : Nouvelle Terre, exoplan\u00e8te habitable, sur laquelle on envoie des millions de colons.<br>Isis et Orion fr\u00e9quentent la m\u00eame \u00e9cole. Elle vient de la water-zone, sorte de bidonville flottant, lui habite une immense villa sous le d\u00f4me\u2026<br>Malgr\u00e9 leurs diff\u00e9rences, ils vont apprendre \u00e0 se connaitre, et \u00e0 s\u2019appr\u00e9cier.<br>Qui aurait pu penser que leur amour naissant allait changer le monde \u00e0 tout jamais ?<br><br><\/p>\n\n\n\n<blockquote class=\"wp-block-quote is-layout-flow wp-block-quote-is-layout-flow\">\n<p class=\"has-mono-2-color has-text-color has-link-color wp-elements-b60ca5dad4008738e91f14a163a21981\"><strong>Prix S\u00e9same 2018<\/strong><strong><br>Prix LitteralOuest 2018<\/strong><strong><br>Prix coup de coeur des ados de Romilly sur Andelle 2018<\/strong><strong><br>Prix du jury 2018 des coll\u00e9giens de Livrefranche<\/strong><strong><br>Prix&nbsp;ados&nbsp;2017-2018&nbsp; de la ville de Loud\u00e9ac<\/strong><strong><br>Prix des lyc\u00e9ens, Futuriales 2018<\/strong><strong><br>Prix des coll\u00e9giens de l&rsquo;H\u00e9rault 2018 (4\u00e8me-3\u00e8me)<\/strong><strong><br>Prix des lecteurs du Mans et de la Sarthe 2018<\/strong><strong><br>Prix des jeunes lecteurs d&rsquo;Eure et Loir, \u00ab\u00a0Histoires d&rsquo;ados\u00a0\u00bb&nbsp; 2018<\/strong><strong><br>Prix coup de coeur jeunesse de la ville d&rsquo;Asni\u00e8res 2018<\/strong><strong><br>Prix livres sur Seine 2018 (Neuilly sur Seine)<\/strong><strong><br>Prix D\u00e9-lire 2017-2018 (Savenay 44)<\/strong><strong><br>Prix des bouquineurs d&rsquo;Armor 2017-2018<\/strong><strong><br>Prix Croq Lecteurs 2018 (95)<\/strong><strong><br>Prix lecture Durance Ados 2018 (Nantes 44)<\/strong><strong><br>Prix des jeunes lecteurs Bloody Fleury 2019<\/strong><strong><br>Prix Pierre Bottero 2019<\/strong><strong><br>Prix lire@S\u00e9nart 2019<\/strong><strong><br>Prix Paul langevin 2019 (06)<\/strong><strong><br>Prix Vend\u00e9e Lire 2019<\/strong><strong><br>Prix de l&rsquo;Estuaire 2019 (Saint Nazaire)<\/strong><\/p>\n<\/blockquote>\n<\/div>\n<\/div>\n\n\n\n<p><\/p>\n\n\n\n<h4 class=\"wp-block-heading has-text-align-center\"><a href=\"https:\/\/www.youtube.com\/watch?v=vysjDzLuyi4\">Lien vers la bande annonce<\/a><\/h4>\n\n<\/li><\/ul><\/div>\n<\/main>\n<\/div>\n<\/div>\n<\/div>\n<\/main>\n","protected":false},"excerpt":{"rendered":"","protected":false},"author":1,"featured_media":0,"parent":0,"menu_order":0,"comment_status":"closed","ping_status":"closed","template":"","meta":{"footnotes":""},"class_list":["post-74","page","type-page","status-publish","hentry"],"_links":{"self":[{"href":"https:\/\/www.david-moitet.fr\/index.php?rest_route=\/wp\/v2\/pages\/74","targetHints":{"allow":["GET"]}}],"collection":[{"href":"https:\/\/www.david-moitet.fr\/index.php?rest_route=\/wp\/v2\/pages"}],"about":[{"href":"https:\/\/www.david-moitet.fr\/index.php?rest_route=\/wp\/v2\/types\/page"}],"author":[{"embeddable":true,"href":"https:\/\/www.david-moitet.fr\/index.php?rest_route=\/wp\/v2\/users\/1"}],"replies":[{"embeddable":true,"href":"https:\/\/www.david-moitet.fr\/index.php?rest_route=%2Fwp%2Fv2%2Fcomments&post=74"}],"version-history":[{"count":6,"href":"https:\/\/www.david-moitet.fr\/index.php?rest_route=\/wp\/v2\/pages\/74\/revisions"}],"predecessor-version":[{"id":183,"href":"https:\/\/www.david-moitet.fr\/index.php?rest_route=\/wp\/v2\/pages\/74\/revisions\/183"}],"wp:attachment":[{"href":"https:\/\/www.david-moitet.fr\/index.php?rest_route=%2Fwp%2Fv2%2Fmedia&parent=74"}],"curies":[{"name":"wp","href":"https:\/\/api.w.org\/{rel}","templated":true}]}}