{"id":82,"date":"2025-06-22T19:01:53","date_gmt":"2025-06-22T17:01:53","guid":{"rendered":"http:\/\/www.david-moitet.fr\/?page_id=82"},"modified":"2025-06-30T12:01:39","modified_gmt":"2025-06-30T10:01:39","slug":"le-dossier-handle","status":"publish","type":"page","link":"https:\/\/www.david-moitet.fr\/?page_id=82","title":{"rendered":"Le Dossier Handle"},"content":{"rendered":"\n<main class=\"wp-block-group is-layout-flow wp-container-core-group-is-layout-7fca4a22 wp-block-group-is-layout-flow\" style=\"margin-top:0rem;padding-top:0;padding-right:0;padding-bottom:0;padding-left:0\">\n<p><\/p>\n\n\n\n<div class=\"wp-block-group alignfull has-global-padding is-layout-constrained wp-container-core-group-is-layout-9b4607c3 wp-block-group-is-layout-constrained\" style=\"margin-top:0;margin-bottom:0;padding-top:var(--wp--preset--spacing--superbspacing-small);padding-right:var(--wp--preset--spacing--superbspacing-small);padding-bottom:var(--wp--preset--spacing--superbspacing-small);padding-left:var(--wp--preset--spacing--superbspacing-small)\">\n<div class=\"wp-block-columns is-layout-flex wp-container-core-columns-is-layout-28f84493 wp-block-columns-is-layout-flex\">\n<div class=\"wp-block-column is-layout-flow wp-block-column-is-layout-flow\" style=\"flex-basis:100%\">\n<main class=\"wp-block-group blog-feed-one has-global-padding is-layout-constrained wp-container-core-group-is-layout-8921a5c1 wp-block-group-is-layout-constrained\" style=\"margin-bottom:var(--wp--preset--spacing--superbspacing-small);padding-top:0;padding-right:0;padding-bottom:0;padding-left:0\">\n<div class=\"wp-block-query alignwide has-global-padding is-layout-constrained wp-container-core-query-is-layout-db9edeb8 wp-block-query-is-layout-constrained\"><ul class=\"alignwide wp-block-post-template is-layout-flow wp-container-core-post-template-is-layout-56df9aa4 wp-block-post-template-is-layout-flow\"><li class=\"wp-block-post post-1 post type-post status-publish format-standard hentry category-non-classe\">\n\n<div class=\"wp-block-group alignwide is-horizontal is-content-justification-left is-nowrap is-layout-flex wp-container-core-group-is-layout-5a79d77c wp-block-group-is-layout-flex\" style=\"border-bottom-style:none;border-bottom-width:0px;margin-bottom:0;padding-top:0;padding-bottom:0\">\n<figure class=\"wp-block-image size-full is-resized\"><img loading=\"lazy\" decoding=\"async\" width=\"494\" height=\"727\" src=\"https:\/\/www.david-moitet.fr\/wp-content\/uploads\/2025\/06\/couv-le-dossier-handle-2216-1.jpg\" alt=\"\" class=\"wp-image-84\" style=\"aspect-ratio:0.6666666666666666;object-fit:cover;width:398px;height:auto\" srcset=\"https:\/\/www.david-moitet.fr\/wp-content\/uploads\/2025\/06\/couv-le-dossier-handle-2216-1.jpg 494w, https:\/\/www.david-moitet.fr\/wp-content\/uploads\/2025\/06\/couv-le-dossier-handle-2216-1-204x300.jpg 204w\" sizes=\"auto, (max-width: 494px) 100vw, 494px\" \/><\/figure>\n\n\n\n<div class=\"wp-block-group has-contrast-dark-color has-text-color has-link-color wp-elements-4654e9105003a8f6f3cb5a22ca91715f is-layout-flow wp-block-group-is-layout-flow\">\n<h4 class=\"wp-block-heading has-primary-color has-text-color has-link-color wp-elements-f8a270b31d825901e4c071cce31842f5\">2018 &#8211; A partir de 12 ans  (3 Traductions)<\/h4>\n\n\n\n<p><\/p>\n\n\n\n<p>Apr\u00e8s le meurtre de ses parents, Thomas n\u2019a plus qu\u2019une id\u00e9e en t\u00eate : d\u00e9couvrir pourquoi ils ont \u00e9t\u00e9 tu\u00e9s. Cela aurait-il un rapport avec son don ?<\/p>\n\n\n\n<p>Des plaines verdoyantes du Montana aux sombres ruelles de Great Falls, sa qu\u00eate le m\u00e8nera vers l\u2019incroyable v\u00e9rit\u00e9.<\/p>\n\n\n\n<p>Le jeune homme acceptera-t-il l\u2019aide de Saul, le policier handicap\u00e9, et celle de Lizzie, la sexag\u00e9naire au coup de volant inimitable ?<br><br><\/p>\n\n\n\n<blockquote class=\"wp-block-quote is-layout-flow wp-block-quote-is-layout-flow\">\n<p class=\"has-mono-2-color has-text-color has-link-color wp-elements-f9a81ba26e952a7f1d932ca17421f156\"><strong><strong>Prix Polar du meilleur roman jeunesse de Cognac 2018<br>Prix Litt\u00e9raire des coll\u00e9giens de Charente Maritime 2019<br>Prix Garin des coll\u00e8ges 2019 (Chamb\u00e9ry)<br>Prix Margot 2019 (Pau)<br>Prix Tatoulu 2018-2019 niveau 4\u00e8me (m\u00e9diath\u00e8ques du Pays de la roche aux f\u00e9es)<br>Prix ado &#8211; M\u00e9diath\u00e8que de la porte des Vosges M\u00e9ridionales<br>Prix des d\u00e9voreurs de livres 2019 niveau 4\u00e8me (Evreux)<br>Prix Croq Lecteurs 2019 (Magny en Vexin, 95)<br>Prix Le Polar se met au Vert (Landes)<br>Prix litt\u00e9raire des coll\u00e9giens du Pi\u00e9mont C\u00e9venol<br>Prix L2L (Libre de lire) 2020 (M\u00e9tropole de Lille)<br>Prix des Incorruptibles 2020<\/strong><\/strong><\/p>\n<\/blockquote>\n<\/div>\n<\/div>\n\n\n\n<p><\/p>\n\n<\/li><\/ul><\/div>\n<\/main>\n<\/div>\n<\/div>\n<\/div>\n<\/main>\n","protected":false},"excerpt":{"rendered":"","protected":false},"author":1,"featured_media":0,"parent":0,"menu_order":0,"comment_status":"closed","ping_status":"closed","template":"","meta":{"footnotes":""},"class_list":["post-82","page","type-page","status-publish","hentry"],"_links":{"self":[{"href":"https:\/\/www.david-moitet.fr\/index.php?rest_route=\/wp\/v2\/pages\/82","targetHints":{"allow":["GET"]}}],"collection":[{"href":"https:\/\/www.david-moitet.fr\/index.php?rest_route=\/wp\/v2\/pages"}],"about":[{"href":"https:\/\/www.david-moitet.fr\/index.php?rest_route=\/wp\/v2\/types\/page"}],"author":[{"embeddable":true,"href":"https:\/\/www.david-moitet.fr\/index.php?rest_route=\/wp\/v2\/users\/1"}],"replies":[{"embeddable":true,"href":"https:\/\/www.david-moitet.fr\/index.php?rest_route=%2Fwp%2Fv2%2Fcomments&post=82"}],"version-history":[{"count":4,"href":"https:\/\/www.david-moitet.fr\/index.php?rest_route=\/wp\/v2\/pages\/82\/revisions"}],"predecessor-version":[{"id":317,"href":"https:\/\/www.david-moitet.fr\/index.php?rest_route=\/wp\/v2\/pages\/82\/revisions\/317"}],"wp:attachment":[{"href":"https:\/\/www.david-moitet.fr\/index.php?rest_route=%2Fwp%2Fv2%2Fmedia&parent=82"}],"curies":[{"name":"wp","href":"https:\/\/api.w.org\/{rel}","templated":true}]}}