{"id":87,"date":"2025-06-22T18:59:20","date_gmt":"2025-06-22T16:59:20","guid":{"rendered":"http:\/\/www.david-moitet.fr\/?page_id=87"},"modified":"2025-06-24T11:38:56","modified_gmt":"2025-06-24T09:38:56","slug":"cetait-juste-un-jeu-2","status":"publish","type":"page","link":"https:\/\/www.david-moitet.fr\/?page_id=87","title":{"rendered":"C&rsquo;\u00e9tait juste un jeu"},"content":{"rendered":"\n<main class=\"wp-block-group is-layout-flow wp-container-core-group-is-layout-7fca4a22 wp-block-group-is-layout-flow\" style=\"margin-top:0rem;padding-top:0;padding-right:0;padding-bottom:0;padding-left:0\">\n<div class=\"wp-block-group is-nowrap is-layout-flex wp-container-core-group-is-layout-6c531013 wp-block-group-is-layout-flex\">\n<figure class=\"wp-block-image size-full is-resized\"><img loading=\"lazy\" decoding=\"async\" width=\"494\" height=\"727\" src=\"https:\/\/www.david-moitet.fr\/wp-content\/uploads\/2025\/06\/Cetait-juste-un-jeu.jpeg\" alt=\"\" class=\"wp-image-46\" style=\"width:328px;height:auto\" srcset=\"https:\/\/www.david-moitet.fr\/wp-content\/uploads\/2025\/06\/Cetait-juste-un-jeu.jpeg 494w, https:\/\/www.david-moitet.fr\/wp-content\/uploads\/2025\/06\/Cetait-juste-un-jeu-204x300.jpeg 204w\" sizes=\"auto, (max-width: 494px) 100vw, 494px\" \/><\/figure>\n\n\n\n<div class=\"wp-block-group has-global-padding is-layout-constrained wp-block-group-is-layout-constrained\">\n<h4 class=\"wp-block-heading has-primary-color has-text-color has-link-color wp-elements-09513dec42a5c38a5d6e3c195c58f53e\">2023 &#8211; A partir de 12 ans<\/h4>\n\n\n\n<p>Simon et sa petite bande adorent pratiquer l\u2019Urbex, l\u2019exploration de lieux abandonn\u00e9s. Pour tous, c\u2019est une mani\u00e8re de s\u2019\u00e9vader d\u2019un quotidien familial pesant et, pour \u00eatre populaire au lyc\u00e9e, il n\u2019y a rien de mieux car les vid\u00e9os de leurs exploits cartonnent.&nbsp;Lorsque Zach, un nouveau, d\u00e9barque dans leur classe, la belle Zia s\u2019int\u00e9resse \u00e0 lui, au grand d\u00e9sespoir de Simon. Le gar\u00e7on d\u00e9cide alors de jouer des tours \u00e0 Zach, en guise de bizutage. Jusqu\u2019\u00e0 la blague de trop : un rendez-vous nocturne est donn\u00e9 dans une usine\u2026<\/p>\n\n\n\n<blockquote class=\"wp-block-quote is-layout-flow wp-block-quote-is-layout-flow\">\n<p class=\"has-mono-2-color has-text-color has-link-color wp-elements-3a47e5498ff049269c4b6140a7082707\"><strong><strong><strong>Prix ados de Suresnes 2023<br>Prix ados du Chien Jaune 2024 (Concarneau)<br>Prix Livrent\u00eate 2023\/2024<br>Prix Vend\u00e9e Lire 2025<br>Prix Escapages 2025 cat\u00e9gorie \u2013 de 12 ans.<br>Prix de lecture coll\u00e9giens de Savoie et Haute Savoie 4e 3e 2025<\/strong><\/strong><\/strong><\/p>\n<\/blockquote>\n<\/div>\n<\/div>\n\n\n\n<div class=\"wp-block-group alignfull has-global-padding is-layout-constrained wp-container-core-group-is-layout-9b4607c3 wp-block-group-is-layout-constrained\" style=\"margin-top:0;margin-bottom:0;padding-top:var(--wp--preset--spacing--superbspacing-small);padding-right:var(--wp--preset--spacing--superbspacing-small);padding-bottom:var(--wp--preset--spacing--superbspacing-small);padding-left:var(--wp--preset--spacing--superbspacing-small)\">\n<div class=\"wp-block-columns is-layout-flex wp-container-core-columns-is-layout-28f84493 wp-block-columns-is-layout-flex\">\n<div class=\"wp-block-column is-layout-flow wp-block-column-is-layout-flow\" style=\"flex-basis:100%\">\n<main class=\"wp-block-group blog-feed-one has-global-padding is-layout-constrained wp-container-core-group-is-layout-8921a5c1 wp-block-group-is-layout-constrained\" style=\"margin-bottom:var(--wp--preset--spacing--superbspacing-small);padding-top:0;padding-right:0;padding-bottom:0;padding-left:0\">\n<div class=\"wp-block-query alignwide has-global-padding is-layout-constrained wp-container-core-query-is-layout-db9edeb8 wp-block-query-is-layout-constrained\"><ul class=\"alignwide wp-block-post-template is-layout-flow wp-container-core-post-template-is-layout-56df9aa4 wp-block-post-template-is-layout-flow\"><li class=\"wp-block-post post-1 post type-post status-publish format-standard hentry category-non-classe\">\n\n<div class=\"wp-block-group alignwide is-horizontal is-content-justification-left is-nowrap is-layout-flex wp-container-core-group-is-layout-5a79d77c wp-block-group-is-layout-flex\" style=\"border-bottom-style:none;border-bottom-width:0px;margin-bottom:0;padding-top:0;padding-bottom:0\">\n<div class=\"wp-block-group has-contrast-dark-color has-text-color has-link-color wp-elements-4f4c47bc190a08d58280e6f544ffd274 is-layout-flow wp-block-group-is-layout-flow\"><\/div>\n<\/div>\n\n\n\n<h3 class=\"wp-block-heading\"><a href=\"https:\/\/www.youtube.com\/watch?v=aAp_CVN2Yew\">Lien vers la bande annonce<\/a><\/h3>\n\n<\/li><\/ul><\/div>\n<\/main>\n<\/div>\n<\/div>\n<\/div>\n<\/main>\n","protected":false},"excerpt":{"rendered":"<p>2023 &#8211; A partir de 12 ans Simon et sa petite bande adorent pratiquer l\u2019Urbex, l\u2019exploration de lieux abandonn\u00e9s. Pour tous, c\u2019est une mani\u00e8re de s\u2019\u00e9vader d\u2019un quotidien familial pesant et, pour \u00eatre populaire au lyc\u00e9e, il n\u2019y a rien de mieux car les vid\u00e9os de leurs exploits cartonnent.&nbsp;Lorsque Zach, un nouveau, d\u00e9barque dans leur [&hellip;]<\/p>\n","protected":false},"author":1,"featured_media":0,"parent":0,"menu_order":0,"comment_status":"closed","ping_status":"closed","template":"","meta":{"footnotes":""},"class_list":["post-87","page","type-page","status-publish","hentry"],"_links":{"self":[{"href":"https:\/\/www.david-moitet.fr\/index.php?rest_route=\/wp\/v2\/pages\/87","targetHints":{"allow":["GET"]}}],"collection":[{"href":"https:\/\/www.david-moitet.fr\/index.php?rest_route=\/wp\/v2\/pages"}],"about":[{"href":"https:\/\/www.david-moitet.fr\/index.php?rest_route=\/wp\/v2\/types\/page"}],"author":[{"embeddable":true,"href":"https:\/\/www.david-moitet.fr\/index.php?rest_route=\/wp\/v2\/users\/1"}],"replies":[{"embeddable":true,"href":"https:\/\/www.david-moitet.fr\/index.php?rest_route=%2Fwp%2Fv2%2Fcomments&post=87"}],"version-history":[{"count":6,"href":"https:\/\/www.david-moitet.fr\/index.php?rest_route=\/wp\/v2\/pages\/87\/revisions"}],"predecessor-version":[{"id":255,"href":"https:\/\/www.david-moitet.fr\/index.php?rest_route=\/wp\/v2\/pages\/87\/revisions\/255"}],"wp:attachment":[{"href":"https:\/\/www.david-moitet.fr\/index.php?rest_route=%2Fwp%2Fv2%2Fmedia&parent=87"}],"curies":[{"name":"wp","href":"https:\/\/api.w.org\/{rel}","templated":true}]}}