{"id":91,"date":"2025-06-22T19:54:59","date_gmt":"2025-06-22T17:54:59","guid":{"rendered":"http:\/\/www.david-moitet.fr\/?page_id=91"},"modified":"2025-06-30T12:06:20","modified_gmt":"2025-06-30T10:06:20","slug":"les-secrets-de-tharanis","status":"publish","type":"page","link":"https:\/\/www.david-moitet.fr\/?page_id=91","title":{"rendered":"Les Secrets de Tharanis"},"content":{"rendered":"\n<main class=\"wp-block-group is-layout-flow wp-container-core-group-is-layout-7fca4a22 wp-block-group-is-layout-flow\" style=\"margin-top:0rem;padding-top:0;padding-right:0;padding-bottom:0;padding-left:0\">\n<main class=\"wp-block-group is-layout-flow wp-container-core-group-is-layout-7fca4a22 wp-block-group-is-layout-flow\" style=\"margin-top:0rem;padding-top:0;padding-right:0;padding-bottom:0;padding-left:0\">\n<div class=\"wp-block-columns is-layout-flex wp-container-core-columns-is-layout-28f84493 wp-block-columns-is-layout-flex\">\n<div class=\"wp-block-column is-layout-flow wp-block-column-is-layout-flow\" style=\"flex-basis:100%\">\n<div class=\"wp-block-group is-nowrap is-layout-flex wp-container-core-group-is-layout-6c531013 wp-block-group-is-layout-flex\">\n<figure class=\"wp-block-image size-full is-resized\"><img loading=\"lazy\" decoding=\"async\" width=\"494\" height=\"727\" src=\"https:\/\/www.david-moitet.fr\/wp-content\/uploads\/2025\/06\/les-secrets-de-tharanis-tome-1.jpeg\" alt=\"\" class=\"wp-image-93\" style=\"width:328px;height:auto\" srcset=\"https:\/\/www.david-moitet.fr\/wp-content\/uploads\/2025\/06\/les-secrets-de-tharanis-tome-1.jpeg 494w, https:\/\/www.david-moitet.fr\/wp-content\/uploads\/2025\/06\/les-secrets-de-tharanis-tome-1-204x300.jpeg 204w\" sizes=\"auto, (max-width: 494px) 100vw, 494px\" \/><\/figure>\n\n\n\n<div class=\"wp-block-group has-global-padding is-layout-constrained wp-block-group-is-layout-constrained\">\n<h3 class=\"wp-block-heading\">Tome 1 &#8211; L&rsquo;Ile sans Nom<\/h3>\n\n\n\n<h4 class=\"wp-block-heading has-primary-color has-text-color has-link-color wp-elements-dc9faff069deea985800e24c906cfde3\">2019 &#8211; A partir de 12 ans<\/h4>\n\n\n\n<p>Ambre de Volontas voit sa vie basculer lorsque les soldats de l\u2019Empereur envahissent le duch\u00e9 de son p\u00e8re. Contrainte de laisser derri\u00e8re elle ses privil\u00e8ges, la jeune fille, sans cesse traqu\u00e9e, change d\u2019identit\u00e9.<br>Le danger est partout, d\u2019autant qu\u2019une \u00e9pid\u00e9mie meurtri\u00e8re s\u00e9vit dans le royaume de Tharanis. <br><br>Ses protecteurs la conduisent vers un lieu aussi myst\u00e9rieux qu\u2019effrayant : l\u2019\u00eele Sans Nom.<br><br>Ambre doit maintenant prendre en main son destin\u2026<\/p>\n\n\n\n<blockquote class=\"wp-block-quote is-layout-flow wp-block-quote-is-layout-flow\">\n<p><\/p>\n<\/blockquote>\n<\/div>\n<\/div>\n\n\n\n<p><\/p>\n\n\n\n<div class=\"wp-block-group is-nowrap is-layout-flex wp-container-core-group-is-layout-6c531013 wp-block-group-is-layout-flex\">\n<figure class=\"wp-block-image size-full is-resized\"><img loading=\"lazy\" decoding=\"async\" width=\"494\" height=\"727\" src=\"https:\/\/www.david-moitet.fr\/wp-content\/uploads\/2025\/06\/Les-secrets-de-tharanis-tome-2.jpeg\" alt=\"\" class=\"wp-image-94\" style=\"width:328px;height:auto\" srcset=\"https:\/\/www.david-moitet.fr\/wp-content\/uploads\/2025\/06\/Les-secrets-de-tharanis-tome-2.jpeg 494w, https:\/\/www.david-moitet.fr\/wp-content\/uploads\/2025\/06\/Les-secrets-de-tharanis-tome-2-204x300.jpeg 204w\" sizes=\"auto, (max-width: 494px) 100vw, 494px\" \/><\/figure>\n\n\n\n<div class=\"wp-block-group has-global-padding is-layout-constrained wp-block-group-is-layout-constrained\">\n<h3 class=\"wp-block-heading\">Tome 2 &#8211; La Voleuse de flux<\/h3>\n\n\n\n<h4 class=\"wp-block-heading has-primary-color has-text-color has-link-color wp-elements-dc9faff069deea985800e24c906cfde3\">2019 &#8211; A partir de 12 ans<\/h4>\n\n\n\n<p>Ambre de Volontas quitte pr\u00e9cipitamment le royaume de Tharanis apr\u00e8s avoir fr\u00f4l\u00e9 la mort. Elle atterrit, malgr\u00e9 elle, dans le Paris des ann\u00e9es 1900. Mais m\u00eame ici, elle fait l\u2019objet d\u2019une v\u00e9ritable chasse aux sorci\u00e8res. Les disciples de la reine des mages cherchent \u00e0 la capturer pour l\u2019emp\u00eacher d\u2019utiliser ses immenses pouvoirs. Les risques que la proph\u00e9tie s\u2019accomplisse sont trop grands. Ambre est-elle vraiment la Voleuse de Flux, cette magicienne vou\u00e9e \u00e0 r\u00e9duire le monde en cendres ? Son seul but est pourtant de retourner sur Tharanis pour sauver les siens et combattre \u00e0 leurs c\u00f4t\u00e9s. H\u00e9ro\u00efne combattante, Ambre aura plus d\u2019une occasion de surprendre par sa pugnacit\u00e9 et son courage. <\/p>\n<\/div>\n\n\n\n<div class=\"wp-block-group has-global-padding is-layout-constrained wp-block-group-is-layout-constrained\"><\/div>\n<\/div>\n<\/div>\n<\/div>\n\n\n\n<div class=\"wp-block-group alignfull has-global-padding is-layout-constrained wp-container-core-group-is-layout-9b4607c3 wp-block-group-is-layout-constrained\" style=\"margin-top:0;margin-bottom:0;padding-top:var(--wp--preset--spacing--superbspacing-small);padding-right:var(--wp--preset--spacing--superbspacing-small);padding-bottom:var(--wp--preset--spacing--superbspacing-small);padding-left:var(--wp--preset--spacing--superbspacing-small)\">\n<div class=\"wp-block-columns is-layout-flex wp-container-core-columns-is-layout-28f84493 wp-block-columns-is-layout-flex\">\n<div class=\"wp-block-column is-layout-flow wp-block-column-is-layout-flow\" style=\"flex-basis:100%\">\n<main class=\"wp-block-group blog-feed-one has-global-padding is-layout-constrained wp-container-core-group-is-layout-8921a5c1 wp-block-group-is-layout-constrained\" style=\"margin-bottom:var(--wp--preset--spacing--superbspacing-small);padding-top:0;padding-right:0;padding-bottom:0;padding-left:0\">\n<div class=\"wp-block-query alignwide has-global-padding is-layout-constrained wp-container-core-query-is-layout-db9edeb8 wp-block-query-is-layout-constrained\"><\/div>\n<\/main>\n<\/div>\n<\/div>\n<\/div>\n<\/main>\n\n\n\n<div class=\"wp-block-group alignfull has-global-padding is-layout-constrained wp-container-core-group-is-layout-9b4607c3 wp-block-group-is-layout-constrained\" style=\"margin-top:0;margin-bottom:0;padding-top:var(--wp--preset--spacing--superbspacing-small);padding-right:var(--wp--preset--spacing--superbspacing-small);padding-bottom:var(--wp--preset--spacing--superbspacing-small);padding-left:var(--wp--preset--spacing--superbspacing-small)\">\n<div class=\"wp-block-columns is-layout-flex wp-container-core-columns-is-layout-28f84493 wp-block-columns-is-layout-flex\">\n<div class=\"wp-block-column is-layout-flow wp-block-column-is-layout-flow\" style=\"flex-basis:100%\">\n<main class=\"wp-block-group blog-feed-one has-global-padding is-layout-constrained wp-container-core-group-is-layout-8921a5c1 wp-block-group-is-layout-constrained\" style=\"margin-bottom:var(--wp--preset--spacing--superbspacing-small);padding-top:0;padding-right:0;padding-bottom:0;padding-left:0\">\n<div class=\"wp-block-query alignwide has-global-padding is-layout-constrained wp-container-core-query-is-layout-db9edeb8 wp-block-query-is-layout-constrained\"><ul class=\"alignwide wp-block-post-template is-layout-flow wp-container-core-post-template-is-layout-56df9aa4 wp-block-post-template-is-layout-flow\"><li class=\"wp-block-post post-1 post type-post status-publish format-standard hentry category-non-classe\">\n\n<h4 class=\"wp-block-heading has-text-align-center\"><a href=\"https:\/\/www.youtube.com\/watch?v=Bu_38_JOEkU\">Lien vers la bande annonce<\/a><\/h4>\n\n<\/li><\/ul><\/div>\n<\/main>\n<\/div>\n<\/div>\n<\/div>\n<\/main>\n\n\n\n<blockquote class=\"wp-block-quote is-layout-flow wp-block-quote-is-layout-flow\">\n<p><\/p>\n<\/blockquote>\n","protected":false},"excerpt":{"rendered":"<p>Tome 1 &#8211; L&rsquo;Ile sans Nom 2019 &#8211; A partir de 12 ans Ambre de Volontas voit sa vie basculer lorsque les soldats de l\u2019Empereur envahissent le duch\u00e9 de son p\u00e8re. Contrainte de laisser derri\u00e8re elle ses privil\u00e8ges, la jeune fille, sans cesse traqu\u00e9e, change d\u2019identit\u00e9.Le danger est partout, d\u2019autant qu\u2019une \u00e9pid\u00e9mie meurtri\u00e8re s\u00e9vit dans [&hellip;]<\/p>\n","protected":false},"author":1,"featured_media":0,"parent":0,"menu_order":0,"comment_status":"closed","ping_status":"closed","template":"","meta":{"footnotes":""},"class_list":["post-91","page","type-page","status-publish","hentry"],"_links":{"self":[{"href":"https:\/\/www.david-moitet.fr\/index.php?rest_route=\/wp\/v2\/pages\/91","targetHints":{"allow":["GET"]}}],"collection":[{"href":"https:\/\/www.david-moitet.fr\/index.php?rest_route=\/wp\/v2\/pages"}],"about":[{"href":"https:\/\/www.david-moitet.fr\/index.php?rest_route=\/wp\/v2\/types\/page"}],"author":[{"embeddable":true,"href":"https:\/\/www.david-moitet.fr\/index.php?rest_route=\/wp\/v2\/users\/1"}],"replies":[{"embeddable":true,"href":"https:\/\/www.david-moitet.fr\/index.php?rest_route=%2Fwp%2Fv2%2Fcomments&post=91"}],"version-history":[{"count":9,"href":"https:\/\/www.david-moitet.fr\/index.php?rest_route=\/wp\/v2\/pages\/91\/revisions"}],"predecessor-version":[{"id":321,"href":"https:\/\/www.david-moitet.fr\/index.php?rest_route=\/wp\/v2\/pages\/91\/revisions\/321"}],"wp:attachment":[{"href":"https:\/\/www.david-moitet.fr\/index.php?rest_route=%2Fwp%2Fv2%2Fmedia&parent=91"}],"curies":[{"name":"wp","href":"https:\/\/api.w.org\/{rel}","templated":true}]}}