{"id":96,"date":"2025-06-22T18:57:24","date_gmt":"2025-06-22T16:57:24","guid":{"rendered":"http:\/\/www.david-moitet.fr\/?page_id=96"},"modified":"2025-06-30T11:59:13","modified_gmt":"2025-06-30T09:59:13","slug":"les-monstres-doutre-terre","status":"publish","type":"page","link":"https:\/\/www.david-moitet.fr\/?page_id=96","title":{"rendered":"Les Monstres d&rsquo;Outre-Terre"},"content":{"rendered":"\n<main class=\"wp-block-group is-layout-flow wp-container-core-group-is-layout-7fca4a22 wp-block-group-is-layout-flow\" style=\"margin-top:0rem;padding-top:0;padding-right:0;padding-bottom:0;padding-left:0\">\n<div class=\"wp-block-columns is-layout-flex wp-container-core-columns-is-layout-28f84493 wp-block-columns-is-layout-flex\">\n<div class=\"wp-block-column is-layout-flow wp-block-column-is-layout-flow\" style=\"flex-basis:100%\">\n<div class=\"wp-block-group is-nowrap is-layout-flex wp-container-core-group-is-layout-6c531013 wp-block-group-is-layout-flex\">\n<figure class=\"wp-block-image size-full is-resized\"><img loading=\"lazy\" decoding=\"async\" width=\"494\" height=\"727\" src=\"https:\/\/www.david-moitet.fr\/wp-content\/uploads\/2025\/06\/couv-monstres-outre-terre-22-16-2.jpg\" alt=\"\" class=\"wp-image-98\" style=\"width:328px;height:auto\" srcset=\"https:\/\/www.david-moitet.fr\/wp-content\/uploads\/2025\/06\/couv-monstres-outre-terre-22-16-2.jpg 494w, https:\/\/www.david-moitet.fr\/wp-content\/uploads\/2025\/06\/couv-monstres-outre-terre-22-16-2-204x300.jpg 204w\" sizes=\"auto, (max-width: 494px) 100vw, 494px\" \/><\/figure>\n\n\n\n<div class=\"wp-block-group has-global-padding is-layout-constrained wp-block-group-is-layout-constrained\">\n<h3 class=\"wp-block-heading\">Tome 1 &#8211; L&rsquo;Apprentie Chasseuse<\/h3>\n\n\n\n<h4 class=\"wp-block-heading has-primary-color has-text-color has-link-color wp-elements-76dd6349ad2e8bf11ccb2ecffa1bbc29\">2024 &#8211; A partir de 9 ans<\/h4>\n\n\n\n<p>Furoncles, Pierreux, Pas-Trop-Grands\u2026 \u00c0 Outre-Terre, les monstres pullulent. Si certains sont plut\u00f4t inoffensifs, d\u2019autres semblent tout droit sortis d\u2019un cauchemar. Sarah, 15 ans, est la fille du plus c\u00e9l\u00e8bre chasseur de monstres. Le jour o\u00f9 il dispara\u00eet, sa vie bascule. Elle qui n\u2019a jamais mis les pieds hors de la capitale va devoir se lancer dans une folle aventure ! Direction Red Town, sur un chemin infest\u00e9 de monstres\u2026<\/p>\n\n\n\n<blockquote class=\"wp-block-quote is-layout-flow wp-block-quote-is-layout-flow\">\n<p class=\"has-mono-2-color has-text-color has-link-color wp-elements-02a69d45fe36fc631a0e0a482b39495d\">Prix Renaudot Des benjamins 2025<\/p>\n<\/blockquote>\n<\/div>\n<\/div>\n\n\n\n<p><\/p>\n\n\n\n<div class=\"wp-block-group is-nowrap is-layout-flex wp-container-core-group-is-layout-6c531013 wp-block-group-is-layout-flex\">\n<figure class=\"wp-block-image size-full is-resized\"><img loading=\"lazy\" decoding=\"async\" width=\"494\" height=\"727\" src=\"https:\/\/www.david-moitet.fr\/wp-content\/uploads\/2025\/06\/couv-monstres-outre-terre-tome-2-22-16-1.jpg\" alt=\"\" class=\"wp-image-99\" style=\"width:328px;height:auto\" srcset=\"https:\/\/www.david-moitet.fr\/wp-content\/uploads\/2025\/06\/couv-monstres-outre-terre-tome-2-22-16-1.jpg 494w, https:\/\/www.david-moitet.fr\/wp-content\/uploads\/2025\/06\/couv-monstres-outre-terre-tome-2-22-16-1-204x300.jpg 204w\" sizes=\"auto, (max-width: 494px) 100vw, 494px\" \/><\/figure>\n\n\n\n<div class=\"wp-block-group has-global-padding is-layout-constrained wp-block-group-is-layout-constrained\">\n<h3 class=\"wp-block-heading\">Tome 2 &#8211; La Citadelle Imprenable<\/h3>\n\n\n\n<h4 class=\"wp-block-heading has-primary-color has-text-color has-link-color wp-elements-76dd6349ad2e8bf11ccb2ecffa1bbc29\">2024 &#8211; A partir de 9 ans<\/h4>\n\n\n\n<p>Sarah est plus que jamais d\u00e9termin\u00e9e \u00e0 retrouver son p\u00e8re. Dans sa qu\u00eate, elle est loin de se douter qu\u2019un soul\u00e8vement de monstres se pr\u00e9pare contre les humains ! Et si la disparition de son p\u00e8re et cette guerre \u00e9taient finalement li\u00e9es ? Pour Sarah, il est maintenant primordial de savoir vers quel camp se tourner\u2026<\/p>\n\n\n\n<p>La conclusion d&rsquo;une duologie palpitante !<\/p>\n<\/div>\n\n\n\n<div class=\"wp-block-group has-global-padding is-layout-constrained wp-block-group-is-layout-constrained\"><\/div>\n<\/div>\n<\/div>\n<\/div>\n\n\n\n<div class=\"wp-block-group alignfull has-global-padding is-layout-constrained wp-container-core-group-is-layout-9b4607c3 wp-block-group-is-layout-constrained\" style=\"margin-top:0;margin-bottom:0;padding-top:var(--wp--preset--spacing--superbspacing-small);padding-right:var(--wp--preset--spacing--superbspacing-small);padding-bottom:var(--wp--preset--spacing--superbspacing-small);padding-left:var(--wp--preset--spacing--superbspacing-small)\">\n<div class=\"wp-block-columns is-layout-flex wp-container-core-columns-is-layout-28f84493 wp-block-columns-is-layout-flex\">\n<div class=\"wp-block-column is-layout-flow wp-block-column-is-layout-flow\" style=\"flex-basis:100%\">\n<main class=\"wp-block-group blog-feed-one has-global-padding is-layout-constrained wp-container-core-group-is-layout-8921a5c1 wp-block-group-is-layout-constrained\" style=\"margin-bottom:var(--wp--preset--spacing--superbspacing-small);padding-top:0;padding-right:0;padding-bottom:0;padding-left:0\">\n<div class=\"wp-block-query alignwide has-global-padding is-layout-constrained wp-container-core-query-is-layout-db9edeb8 wp-block-query-is-layout-constrained\"><\/div>\n<\/main>\n<\/div>\n<\/div>\n<\/div>\n<\/main>\n","protected":false},"excerpt":{"rendered":"<p>Tome 1 &#8211; L&rsquo;Apprentie Chasseuse 2024 &#8211; A partir de 9 ans Furoncles, Pierreux, Pas-Trop-Grands\u2026 \u00c0 Outre-Terre, les monstres pullulent. Si certains sont plut\u00f4t inoffensifs, d\u2019autres semblent tout droit sortis d\u2019un cauchemar. Sarah, 15 ans, est la fille du plus c\u00e9l\u00e8bre chasseur de monstres. Le jour o\u00f9 il dispara\u00eet, sa vie bascule. Elle qui n\u2019a [&hellip;]<\/p>\n","protected":false},"author":1,"featured_media":0,"parent":0,"menu_order":0,"comment_status":"closed","ping_status":"closed","template":"","meta":{"footnotes":""},"class_list":["post-96","page","type-page","status-publish","hentry"],"_links":{"self":[{"href":"https:\/\/www.david-moitet.fr\/index.php?rest_route=\/wp\/v2\/pages\/96","targetHints":{"allow":["GET"]}}],"collection":[{"href":"https:\/\/www.david-moitet.fr\/index.php?rest_route=\/wp\/v2\/pages"}],"about":[{"href":"https:\/\/www.david-moitet.fr\/index.php?rest_route=\/wp\/v2\/types\/page"}],"author":[{"embeddable":true,"href":"https:\/\/www.david-moitet.fr\/index.php?rest_route=\/wp\/v2\/users\/1"}],"replies":[{"embeddable":true,"href":"https:\/\/www.david-moitet.fr\/index.php?rest_route=%2Fwp%2Fv2%2Fcomments&post=96"}],"version-history":[{"count":12,"href":"https:\/\/www.david-moitet.fr\/index.php?rest_route=\/wp\/v2\/pages\/96\/revisions"}],"predecessor-version":[{"id":316,"href":"https:\/\/www.david-moitet.fr\/index.php?rest_route=\/wp\/v2\/pages\/96\/revisions\/316"}],"wp:attachment":[{"href":"https:\/\/www.david-moitet.fr\/index.php?rest_route=%2Fwp%2Fv2%2Fmedia&parent=96"}],"curies":[{"name":"wp","href":"https:\/\/api.w.org\/{rel}","templated":true}]}}